{"id":118,"date":"2017-07-14T08:55:32","date_gmt":"2017-07-14T08:55:32","guid":{"rendered":"http:\/\/www.angelverein-verl-suerenheide.de?page_id=118"},"modified":"2026-03-13T21:39:48","modified_gmt":"2026-03-13T19:39:48","slug":"dalke","status":"publish","type":"page","link":"https:\/\/angelverein-verl-suerenheide.de\/?page_id=118","title":{"rendered":"Dalke"},"content":{"rendered":"\n<p><strong>Daten zum Gew\u00e4sser<\/strong><\/p>\n\n\n\n<p>Ort: Bielefeld, G\u00fctersloh<\/p>\n\n\n\n<p><strong>Beschreibung \/ Besonderheiten:<\/strong><\/p>\n\n\n\n<p>\u00a0An allen Flie\u00dfgew\u00e4ssern (Dalke, Landerbach, \u00d6lbach und Wapel) darf nur mit Einzelhaken ohne Widerhaken (Schonhaken) geangelt werden. Die Fangbegrenzung an Bachforellen ist Flie\u00dfgew\u00e4sser\u00fcbergreifend auf maximal 2 St\u00fccke pro Tag begrenzt. Das Mindestma\u00df f\u00fcr die Bachforelle betr\u00e4gt 30 cm.<\/p>\n\n\n\n<p><strong>Fischvorkommen:<\/strong><\/p>\n\n\n\n<p>Bachforelle, Barsch, Rotfeder, Rotauge, Aal<\/p>\n\n\n\n<p><strong>Fl\u00e4che:<\/strong> 1ha, von der Quelle bis zur Bielefelder Stra\u00dfe<\/p>\n\n\n\n<p><strong>Tiefe:<\/strong> 0,1m-0,7m<\/p>\n\n\n\n<p>Die Dalke, als Nebenfluss der Ems, wird oft im gleichen Atemzug mit G\u00fctersloh erw\u00e4hnt, da der Mittellauf gem\u00e4chlich durch die Stadt flie\u00dft. Deshalb ist diese ein sehr bekannter Fluss im Kreis G\u00fctersloh. Neben einer sch\u00f6nen Uferlandschaft, die vor allem Jogger und Naturfreunde anzieht, ist dieses Gew\u00e4sser auch f\u00fcr die Angler von Interesse. Unserer Verein beangelt den Oberlauf der Dalke, der noch nicht von Menschenhand in ihrem nat\u00fcrlichen Verlauf ver\u00e4ndert wurde(begradigt). Da die Naturbelassenheit der Dalke von allgemeinem Interesse ist, wird nach Beschluss der Stadt G\u00fctersloh der Unterlauf renaturalisiert.<\/p>\n\n\n\n<figure class=\"wp-block-image\"><a href=\"http:\/\/www.angelverein-verl-suerenheide.de\/?attachment_id=196\" rel=\"attachment wp-att-196\"><img loading=\"lazy\" decoding=\"async\" width=\"150\" height=\"150\" src=\"http:\/\/www.angelverein-verl-suerenheide.de\/wp-content\/uploads\/2017\/07\/P1000911.dalkeneu-150x150.jpg\" alt=\"\" class=\"wp-image-196\"\/><\/a><\/figure>\n\n\n\n<figure class=\"wp-block-image\"><a href=\"http:\/\/www.angelverein-verl-suerenheide.de\/?attachment_id=195\" rel=\"attachment wp-att-195\"><img loading=\"lazy\" decoding=\"async\" width=\"150\" height=\"150\" src=\"http:\/\/www.angelverein-verl-suerenheide.de\/wp-content\/uploads\/2017\/07\/P1000910.dalkeneu-150x150.jpg\" alt=\"\" class=\"wp-image-195\"\/><\/a><\/figure>\n\n\n\n<figure class=\"wp-block-image\"><a href=\"http:\/\/www.angelverein-verl-suerenheide.de\/?attachment_id=194\" rel=\"attachment wp-att-194\"><img loading=\"lazy\" decoding=\"async\" width=\"150\" height=\"150\" src=\"http:\/\/www.angelverein-verl-suerenheide.de\/wp-content\/uploads\/2017\/07\/P1000909.dalkeneu-150x150.jpg\" alt=\"\" class=\"wp-image-194\"\/><\/a><\/figure>\n\n\n\n<p><\/p>\n\n\n\n<p><a href=\"http:\/\/www.angelverein-verl-suerenheide.de\/?page_id=30\">Zur\u00fcck zur \u00dcbersicht Gew\u00e4sser<\/a><\/p>\n","protected":false},"excerpt":{"rendered":"<p>Daten zum Gew\u00e4sser Ort: Bielefeld, G\u00fctersloh Beschreibung \/ Besonderheiten: \u00a0An allen Flie\u00dfgew\u00e4ssern (Dalke, Landerbach, \u00d6lbach und Wapel) darf nur mit Einzelhaken ohne Widerhaken (Schonhaken) geangelt werden. Die Fangbegrenzung an Bachforellen ist Flie\u00dfgew\u00e4sser\u00fcbergreifend auf maximal 2 St\u00fccke pro Tag begrenzt. Das Mindestma\u00df f\u00fcr die Bachforelle betr\u00e4gt 30 cm. Fischvorkommen: Bachforelle, Barsch, Rotfeder, Rotauge, Aal Fl\u00e4che: 1ha, <a href=\"https:\/\/angelverein-verl-suerenheide.de\/?page_id=118\" class=\"more-link\">...weiterlesen<span class=\"screen-reader-text\"> \"Dalke\"<\/span><\/a><\/p>\n","protected":false},"author":1,"featured_media":0,"parent":30,"menu_order":0,"comment_status":"closed","ping_status":"closed","template":"","meta":{"jetpack_post_was_ever_published":false,"footnotes":""},"class_list":["post-118","page","type-page","status-publish","h-entry","hentry","h-as-page"],"jetpack_sharing_enabled":true,"jetpack_shortlink":"https:\/\/wp.me\/P8Yuus-1U","_links":{"self":[{"href":"https:\/\/angelverein-verl-suerenheide.de\/index.php?rest_route=\/wp\/v2\/pages\/118","targetHints":{"allow":["GET"]}}],"collection":[{"href":"https:\/\/angelverein-verl-suerenheide.de\/index.php?rest_route=\/wp\/v2\/pages"}],"about":[{"href":"https:\/\/angelverein-verl-suerenheide.de\/index.php?rest_route=\/wp\/v2\/types\/page"}],"author":[{"embeddable":true,"href":"https:\/\/angelverein-verl-suerenheide.de\/index.php?rest_route=\/wp\/v2\/users\/1"}],"replies":[{"embeddable":true,"href":"https:\/\/angelverein-verl-suerenheide.de\/index.php?rest_route=%2Fwp%2Fv2%2Fcomments&post=118"}],"version-history":[{"count":5,"href":"https:\/\/angelverein-verl-suerenheide.de\/index.php?rest_route=\/wp\/v2\/pages\/118\/revisions"}],"predecessor-version":[{"id":1753,"href":"https:\/\/angelverein-verl-suerenheide.de\/index.php?rest_route=\/wp\/v2\/pages\/118\/revisions\/1753"}],"up":[{"embeddable":true,"href":"https:\/\/angelverein-verl-suerenheide.de\/index.php?rest_route=\/wp\/v2\/pages\/30"}],"wp:attachment":[{"href":"https:\/\/angelverein-verl-suerenheide.de\/index.php?rest_route=%2Fwp%2Fv2%2Fmedia&parent=118"}],"curies":[{"name":"wp","href":"https:\/\/api.w.org\/{rel}","templated":true}]}}