{"id":124,"date":"2017-07-14T11:22:28","date_gmt":"2017-07-14T09:22:28","guid":{"rendered":"http:\/\/www.angelverein-verl-suerenheide.de?page_id=124"},"modified":"2022-04-19T12:12:49","modified_gmt":"2022-04-19T10:12:49","slug":"kleiner-bentfeld-see","status":"publish","type":"page","link":"https:\/\/angelverein-verl-suerenheide.de\/?page_id=124","title":{"rendered":"Kleiner Bentfeld See"},"content":{"rendered":"<p><strong>Achtung:\u00a0<\/strong><\/p>\n<p>Da sich das Gew\u00e4sser zu einem Salomonidengew\u00e4sser entwickeln soll, ist das Gew\u00e4sser jedes Jahr vom 01.01. bis 15.03.2021 gesperrt!<\/p>\n<p>Daten zum Gew\u00e4sser<\/p>\n<p><strong>Ort: <\/strong><\/p>\n<p>Delbr\u00fcck(Bentfeld)<\/p>\n<p><strong>Fischvorkommen: <\/strong><\/p>\n<p>Aal, Barsch, Brassen, Karpfen, Rotauge, Zander<\/p>\n<p><strong>Fl\u00e4che: <\/strong><\/p>\n<p>8haTiefe: bis 8m<\/p>\n<p>Nur durch eine Stra\u00dfe getrennt befindet sich der Kleiner Bentfeld See direkt neben dem Gro\u00dfen Bentfeld See. Dieses Gew\u00e4sser ist eine l\u00e4ngere Zeit sich selbst \u00fcberlassen gewesen. Dadurch sieht man den freien Lauf der Natur an vielen Stellen, was dieses Gew\u00e4sser auch zu einem Kleinod macht. So sind zwar manche Ufer nur schwer zug\u00e4nglich, jedoch ist die Wasserqualit\u00e4t auf einem sehr hohem Niveau, was man an dem Vorkommen der seltenen Armleuchteralge sieht.<\/p>\n<p><a href=\"http:\/\/www.angelverein-verl-suerenheide.de\/?attachment_id=187\" rel=\"attachment wp-att-187\"><img loading=\"lazy\" decoding=\"async\" class=\"alignnone size-thumbnail wp-image-187\" src=\"http:\/\/www.angelverein-verl-suerenheide.de\/wp-content\/uploads\/2017\/07\/P1000900.kleinerbentfeld-150x150.jpg\" alt=\"\" width=\"150\" height=\"150\" \/><\/a> <a href=\"http:\/\/www.angelverein-verl-suerenheide.de\/?attachment_id=186\" rel=\"attachment wp-att-186\"><img loading=\"lazy\" decoding=\"async\" class=\"alignnone size-thumbnail wp-image-186\" src=\"http:\/\/www.angelverein-verl-suerenheide.de\/wp-content\/uploads\/2017\/07\/P1000899.kleinerbentfeld-150x150.jpg\" alt=\"\" width=\"150\" height=\"150\" \/><\/a> <a href=\"http:\/\/www.angelverein-verl-suerenheide.de\/?attachment_id=185\" rel=\"attachment wp-att-185\"><img loading=\"lazy\" decoding=\"async\" class=\"alignnone size-thumbnail wp-image-185\" src=\"http:\/\/www.angelverein-verl-suerenheide.de\/wp-content\/uploads\/2017\/07\/P1000898.kleinerbentfeld-150x150.jpg\" alt=\"\" width=\"150\" height=\"150\" \/><\/a> <a href=\"http:\/\/www.angelverein-verl-suerenheide.de\/?attachment_id=184\" rel=\"attachment wp-att-184\"><img loading=\"lazy\" decoding=\"async\" class=\"alignnone size-thumbnail wp-image-184\" src=\"http:\/\/www.angelverein-verl-suerenheide.de\/wp-content\/uploads\/2017\/07\/kleinerbentfeld.kleinerbentfeld-150x150.jpg\" alt=\"\" width=\"150\" height=\"150\" \/><\/a><\/p>\n<p><a href=\"http:\/\/www.angelverein-verl-suerenheide.de\/?page_id=30\">Zur\u00fcck zur \u00dcbersicht Gew\u00e4sser<\/a><\/p>\n","protected":false},"excerpt":{"rendered":"<p>Achtung:\u00a0 Da sich das Gew\u00e4sser zu einem Salomonidengew\u00e4sser entwickeln soll, ist das Gew\u00e4sser jedes Jahr vom 01.01. bis 15.03.2021 gesperrt! Daten zum Gew\u00e4sser Ort: Delbr\u00fcck(Bentfeld) Fischvorkommen: Aal, Barsch, Brassen, Karpfen, Rotauge, Zander Fl\u00e4che: 8haTiefe: bis 8m Nur durch eine Stra\u00dfe getrennt befindet sich der Kleiner Bentfeld See direkt neben dem Gro\u00dfen Bentfeld See. Dieses Gew\u00e4sser <a href=\"https:\/\/angelverein-verl-suerenheide.de\/?page_id=124\" class=\"more-link\">...weiterlesen<span class=\"screen-reader-text\"> \"Kleiner Bentfeld See\"<\/span><\/a><\/p>\n","protected":false},"author":1,"featured_media":0,"parent":30,"menu_order":0,"comment_status":"closed","ping_status":"closed","template":"","meta":{"jetpack_post_was_ever_published":false,"footnotes":""},"class_list":["post-124","page","type-page","status-publish","h-entry","hentry","h-as-page"],"jetpack_sharing_enabled":true,"jetpack_shortlink":"https:\/\/wp.me\/P8Yuus-20","_links":{"self":[{"href":"https:\/\/angelverein-verl-suerenheide.de\/index.php?rest_route=\/wp\/v2\/pages\/124","targetHints":{"allow":["GET"]}}],"collection":[{"href":"https:\/\/angelverein-verl-suerenheide.de\/index.php?rest_route=\/wp\/v2\/pages"}],"about":[{"href":"https:\/\/angelverein-verl-suerenheide.de\/index.php?rest_route=\/wp\/v2\/types\/page"}],"author":[{"embeddable":true,"href":"https:\/\/angelverein-verl-suerenheide.de\/index.php?rest_route=\/wp\/v2\/users\/1"}],"replies":[{"embeddable":true,"href":"https:\/\/angelverein-verl-suerenheide.de\/index.php?rest_route=%2Fwp%2Fv2%2Fcomments&post=124"}],"version-history":[{"count":10,"href":"https:\/\/angelverein-verl-suerenheide.de\/index.php?rest_route=\/wp\/v2\/pages\/124\/revisions"}],"predecessor-version":[{"id":1594,"href":"https:\/\/angelverein-verl-suerenheide.de\/index.php?rest_route=\/wp\/v2\/pages\/124\/revisions\/1594"}],"up":[{"embeddable":true,"href":"https:\/\/angelverein-verl-suerenheide.de\/index.php?rest_route=\/wp\/v2\/pages\/30"}],"wp:attachment":[{"href":"https:\/\/angelverein-verl-suerenheide.de\/index.php?rest_route=%2Fwp%2Fv2%2Fmedia&parent=124"}],"curies":[{"name":"wp","href":"https:\/\/api.w.org\/{rel}","templated":true}]}}