{"id":126,"date":"2017-07-14T09:30:28","date_gmt":"2017-07-14T09:30:28","guid":{"rendered":"http:\/\/www.angelverein-verl-suerenheide.de?page_id=126"},"modified":"2026-03-13T21:40:54","modified_gmt":"2026-03-13T19:40:54","slug":"lander-bach","status":"publish","type":"page","link":"https:\/\/angelverein-verl-suerenheide.de\/?page_id=126","title":{"rendered":"Lander Bach"},"content":{"rendered":"\n<p>Daten zum Gew\u00e4sser<\/p>\n\n\n\n<p><strong>Ort: <\/strong><\/p>\n\n\n\n<p>Gemeinde Verl<\/p>\n\n\n\n<p><strong>Beschreibung \/ Besonderheiten<\/strong><\/p>\n\n\n\n<p>An allen Flie\u00dfgew\u00e4ssern (Dalke, Landerbach, \u00d6lbach und Wapel) darf nur mit Einzelhaken ohne Widerhaken (Schonhaken) geangelt werden. Die Fangbegrenzung an Bachforellen ist Flie\u00dfgew\u00e4sser\u00fcbergreifend auf maximal 2 St\u00fccke pro Tag begrenzt. Das Mindestma\u00df f\u00fcr die Bachforelle betr\u00e4gt 30 cm.<\/p>\n\n\n\n<p><strong>Fischvorkommen: <\/strong><\/p>\n\n\n\n<p>Bachforelle, Barsch, Rotauge, Rotfeder,<\/p>\n\n\n\n<p><strong>Fl\u00e4che:<\/strong><\/p>\n\n\n\n<p>1,02haTiefe: 0,1m-0,5m<\/p>\n\n\n\n<p>Der Landerbach ist ein Nebengew\u00e4sser des \u00d6lbachs. Seine Quelle liegt im Nordosten der Stadt Schlo\u00dfholte-Stukenbrock und m\u00fcndet in dem \u00d6lbach auf der H\u00f6he der Stadt Verl. \u00c4hnlich wie der \u00d6lbach flie\u00dft der Landerbach durch die verschiedensten Landschaften, jedoch ist er deutlich schmaler. An dem Unterlauf des Landerbachs sieht man oft Jogger und Spazierg\u00e4nger, die am Ufer des Baches einen naturbelassenen Wanderweg vorfinden. Der Landerbach erstreckt sich \u00fcber 11,4km von denen 1,02ha von unserem Verein beangelt werden k\u00f6nnen.<\/p>\n\n\n\n<figure class=\"wp-block-image\"><a href=\"http:\/\/www.angelverein-verl-suerenheide.de\/?attachment_id=197\" rel=\"attachment wp-att-197\"><img loading=\"lazy\" decoding=\"async\" width=\"150\" height=\"150\" src=\"http:\/\/www.angelverein-verl-suerenheide.de\/wp-content\/uploads\/2017\/07\/P1000913.landerbach-150x150.jpg\" alt=\"\" class=\"wp-image-197\"\/><\/a><\/figure>\n\n\n\n<figure class=\"wp-block-image\"><a href=\"http:\/\/www.angelverein-verl-suerenheide.de\/?attachment_id=198\" rel=\"attachment wp-att-198\"><img loading=\"lazy\" decoding=\"async\" width=\"150\" height=\"150\" src=\"http:\/\/www.angelverein-verl-suerenheide.de\/wp-content\/uploads\/2017\/07\/P1000914.landerbach-150x150.jpg\" alt=\"\" class=\"wp-image-198\"\/><\/a><\/figure>\n\n\n\n<figure class=\"wp-block-image\"><a href=\"http:\/\/www.angelverein-verl-suerenheide.de\/?attachment_id=199\" rel=\"attachment wp-att-199\"><img loading=\"lazy\" decoding=\"async\" width=\"150\" height=\"150\" src=\"http:\/\/www.angelverein-verl-suerenheide.de\/wp-content\/uploads\/2017\/07\/P1000915.landerbach-150x150.jpg\" alt=\"\" class=\"wp-image-199\"\/><\/a><\/figure>\n\n\n\n<figure class=\"wp-block-image\"><a href=\"http:\/\/www.angelverein-verl-suerenheide.de\/?attachment_id=200\" rel=\"attachment wp-att-200\"><img loading=\"lazy\" decoding=\"async\" width=\"150\" height=\"150\" src=\"http:\/\/www.angelverein-verl-suerenheide.de\/wp-content\/uploads\/2017\/07\/P1000916.landerbach-150x150.jpg\" alt=\"\" class=\"wp-image-200\"\/><\/a><\/figure>\n\n\n\n<figure class=\"wp-block-image\"><a href=\"http:\/\/www.angelverein-verl-suerenheide.de\/?attachment_id=201\" rel=\"attachment wp-att-201\"><img loading=\"lazy\" decoding=\"async\" width=\"150\" height=\"150\" src=\"http:\/\/www.angelverein-verl-suerenheide.de\/wp-content\/uploads\/2017\/07\/P1000917.landerbach-150x150.jpg\" alt=\"\" class=\"wp-image-201\"\/><\/a><\/figure>\n\n\n\n<p><\/p>\n\n\n\n<p><a href=\"http:\/\/www.angelverein-verl-suerenheide.de\/?page_id=30\">Zur\u00fcck zur \u00dcbersicht Gew\u00e4sser<\/a><\/p>\n","protected":false},"excerpt":{"rendered":"<p>Daten zum Gew\u00e4sser Ort: Gemeinde Verl Beschreibung \/ Besonderheiten An allen Flie\u00dfgew\u00e4ssern (Dalke, Landerbach, \u00d6lbach und Wapel) darf nur mit Einzelhaken ohne Widerhaken (Schonhaken) geangelt werden. Die Fangbegrenzung an Bachforellen ist Flie\u00dfgew\u00e4sser\u00fcbergreifend auf maximal 2 St\u00fccke pro Tag begrenzt. Das Mindestma\u00df f\u00fcr die Bachforelle betr\u00e4gt 30 cm. Fischvorkommen: Bachforelle, Barsch, Rotauge, Rotfeder, Fl\u00e4che: 1,02haTiefe: 0,1m-0,5m <a href=\"https:\/\/angelverein-verl-suerenheide.de\/?page_id=126\" class=\"more-link\">...weiterlesen<span class=\"screen-reader-text\"> \"Lander Bach\"<\/span><\/a><\/p>\n","protected":false},"author":1,"featured_media":0,"parent":30,"menu_order":0,"comment_status":"closed","ping_status":"closed","template":"","meta":{"jetpack_post_was_ever_published":false,"footnotes":""},"class_list":["post-126","page","type-page","status-publish","h-entry","hentry","h-as-page"],"jetpack_sharing_enabled":true,"jetpack_shortlink":"https:\/\/wp.me\/P8Yuus-22","_links":{"self":[{"href":"https:\/\/angelverein-verl-suerenheide.de\/index.php?rest_route=\/wp\/v2\/pages\/126","targetHints":{"allow":["GET"]}}],"collection":[{"href":"https:\/\/angelverein-verl-suerenheide.de\/index.php?rest_route=\/wp\/v2\/pages"}],"about":[{"href":"https:\/\/angelverein-verl-suerenheide.de\/index.php?rest_route=\/wp\/v2\/types\/page"}],"author":[{"embeddable":true,"href":"https:\/\/angelverein-verl-suerenheide.de\/index.php?rest_route=\/wp\/v2\/users\/1"}],"replies":[{"embeddable":true,"href":"https:\/\/angelverein-verl-suerenheide.de\/index.php?rest_route=%2Fwp%2Fv2%2Fcomments&post=126"}],"version-history":[{"count":4,"href":"https:\/\/angelverein-verl-suerenheide.de\/index.php?rest_route=\/wp\/v2\/pages\/126\/revisions"}],"predecessor-version":[{"id":1754,"href":"https:\/\/angelverein-verl-suerenheide.de\/index.php?rest_route=\/wp\/v2\/pages\/126\/revisions\/1754"}],"up":[{"embeddable":true,"href":"https:\/\/angelverein-verl-suerenheide.de\/index.php?rest_route=\/wp\/v2\/pages\/30"}],"wp:attachment":[{"href":"https:\/\/angelverein-verl-suerenheide.de\/index.php?rest_route=%2Fwp%2Fv2%2Fmedia&parent=126"}],"curies":[{"name":"wp","href":"https:\/\/api.w.org\/{rel}","templated":true}]}}