{"id":128,"date":"2017-07-14T09:41:55","date_gmt":"2017-07-14T09:41:55","guid":{"rendered":"http:\/\/www.angelverein-verl-suerenheide.de?page_id=128"},"modified":"2022-09-20T21:45:37","modified_gmt":"2022-09-20T19:45:37","slug":"nettelnbrecker-see","status":"publish","type":"page","link":"https:\/\/angelverein-verl-suerenheide.de\/?page_id=128","title":{"rendered":"Nettelnbrecker See"},"content":{"rendered":"<p><strong>Daten zum Gew\u00e4sser<\/strong><br \/>\nOrt: Delbr\u00fcck(Bentfeld)<br \/>\nFischvorkommen: Aal, Barsch, Brassen, Karpfen, Rotaugen, Rotfeder, Wels, Hecht<br \/>\nFl\u00e4che: 30ha<br \/>\nTiefe: 7-9m<br \/>\nDer Nettelnbrecker See ist unser neuestes Gew\u00e4sser, das nur durch den Jothebach vom Gro\u00dfen Bentfelder See getrennt ist.<br \/>\nDas neueste Abgrabungsgew\u00e4sser unseres Vereins zeichnet sich durch sehr klares Wasser und naturbelassene Ufer aus. Der Grund daf\u00fcr ist, dass das Gew\u00e4sser mehrere Jahre sich selbst \u00fcberlassen wurde, unbeeinflusst vom Menschen.<\/p>\n<p>Dies ist das einzige Gew\u00e4sser unseres Vereins, wo die Nutzung eines Belly-Bootes erlaubt ist! Dieses Jahr endet die Belly Boat Saison am 15. September 2022!<\/p>\n<p>Aktuelle Bestimmungen siehe aktueller Fischereierlaubnisschein.<\/p>\n<div class='w3eden'><!-- WPDM Link Template: Default Template -->\n\n<div class=\"link-template-default card mb-2\">\n    <div class=\"card-body\">\n        <div class=\"media\">\n            <div class=\"mr-3 img-48\"><img decoding=\"async\" class=\"wpdm_icon\" alt=\"Icon\" src=\"https:\/\/angelverein-verl-suerenheide.de\/wp-content\/plugins\/download-manager\/assets\/file-type-icons\/pdf.svg\" \/><\/div>\n            <div class=\"media-body\">\n                <h3 class=\"package-title\"><a href='https:\/\/angelverein-verl-suerenheide.de\/?wpdmpro=lageplan_seevermessung_nettelnbrecker_see'>Lageplan_Seevermessung_Nettelnbrecker_See<\/a><\/h3>\n                <div class=\"text-muted text-small\"><i class=\"fas fa-copy\"><\/i> 1 Datei(en) <i class=\"fas fa-hdd ml-3\"><\/i> 907.46 KB<\/div>\n            <\/div>\n            <div class=\"ml-3\">\n                <a class='wpdm-download-link download-on-click btn btn-primary ' rel='nofollow' href='#' data-downloadurl=\"https:\/\/angelverein-verl-suerenheide.de\/?wpdmpro=lageplan_seevermessung_nettelnbrecker_see&wpdmdl=311&refresh=69f4ff77498581777663863\">Download<\/a>\n            <\/div>\n        <\/div>\n    <\/div>\n<\/div>\n\n<\/div>\n<div class='w3eden'><!-- WPDM Link Template: Default Template -->\n\n<div class=\"link-template-default card mb-2\">\n    <div class=\"card-body\">\n        <div class=\"media\">\n            <div class=\"mr-3 img-48\"><img decoding=\"async\" class=\"wpdm_icon\" alt=\"Icon\" src=\"https:\/\/angelverein-verl-suerenheide.de\/wp-content\/plugins\/download-manager\/assets\/file-type-icons\/pdf.svg\" \/><\/div>\n            <div class=\"media-body\">\n                <h3 class=\"package-title\"><a href='https:\/\/angelverein-verl-suerenheide.de\/?wpdmpro=gewaesserkarte_nettelnbrecker_see'>Gewaesserkarte_Nettelnbrecker_See<\/a><\/h3>\n                <div class=\"text-muted text-small\"><i class=\"fas fa-copy\"><\/i> 1 Datei(en) <i class=\"fas fa-hdd ml-3\"><\/i> 78.67 KB<\/div>\n            <\/div>\n            <div class=\"ml-3\">\n                <a class='wpdm-download-link download-on-click btn btn-primary ' rel='nofollow' href='#' data-downloadurl=\"https:\/\/angelverein-verl-suerenheide.de\/?wpdmpro=gewaesserkarte_nettelnbrecker_see&wpdmdl=310&refresh=69f4ff774ef8a1777663863\">Download<\/a>\n            <\/div>\n        <\/div>\n    <\/div>\n<\/div>\n\n<\/div>\n<div class='w3eden'><!-- WPDM Link Template: Default Template -->\n\n<div class=\"link-template-default card mb-2\">\n    <div class=\"card-body\">\n        <div class=\"media\">\n            <div class=\"mr-3 img-48\"><img decoding=\"async\" class=\"wpdm_icon\" alt=\"Icon\" src=\"https:\/\/angelverein-verl-suerenheide.de\/wp-content\/plugins\/download-manager\/assets\/file-type-icons\/pdf.svg\" \/><\/div>\n            <div class=\"media-body\">\n                <h3 class=\"package-title\"><a href='https:\/\/angelverein-verl-suerenheide.de\/?wpdmpro=tiefenkarte-nettelbrecker-see'>Tiefenkarte Nettelbrecker See<\/a><\/h3>\n                <div class=\"text-muted text-small\"><i class=\"fas fa-copy\"><\/i> 1 Datei(en) <i class=\"fas fa-hdd ml-3\"><\/i> 112.95 KB<\/div>\n            <\/div>\n            <div class=\"ml-3\">\n                <a class='wpdm-download-link download-on-click btn btn-primary ' rel='nofollow' href='#' data-downloadurl=\"https:\/\/angelverein-verl-suerenheide.de\/?wpdmpro=tiefenkarte-nettelbrecker-see&wpdmdl=1012&refresh=69f4ff7752e6b1777663863\">Download<\/a>\n            <\/div>\n        <\/div>\n    <\/div>\n<\/div>\n\n<\/div>\n<div class='w3eden'><!-- WPDM Link Template: Default Template -->\n\n<div class=\"link-template-default card mb-2\">\n    <div class=\"card-body\">\n        <div class=\"media\">\n            <div class=\"mr-3 img-48\"><img decoding=\"async\" class=\"wpdm_icon\" alt=\"Icon\" src=\"https:\/\/angelverein-verl-suerenheide.de\/wp-content\/plugins\/download-manager\/assets\/file-type-icons\/pdf.svg\" \/><\/div>\n            <div class=\"media-body\">\n                <h3 class=\"package-title\"><a href='https:\/\/angelverein-verl-suerenheide.de\/?wpdmpro=gewaessererklaerung'>Gew\u00e4ssererkl\u00e4rung<\/a><\/h3>\n                <div class=\"text-muted text-small\"><i class=\"fas fa-copy\"><\/i> 1 Datei(en) <i class=\"fas fa-hdd ml-3\"><\/i> 333.37 KB<\/div>\n            <\/div>\n            <div class=\"ml-3\">\n                <a class='wpdm-download-link download-on-click btn btn-primary ' rel='nofollow' href='#' data-downloadurl=\"https:\/\/angelverein-verl-suerenheide.de\/?wpdmpro=gewaessererklaerung&wpdmdl=1585&refresh=69f4ff775695c1777663863\">Download<\/a>\n            <\/div>\n        <\/div>\n    <\/div>\n<\/div>\n\n<\/div>\n<p><a href=\"http:\/\/www.angelverein-verl-suerenheide.de\/?page_id=30\">Zur\u00fcck zur \u00dcbersicht Gew\u00e4sser<\/a><\/p>\n","protected":false},"excerpt":{"rendered":"<p>Daten zum Gew\u00e4sser Ort: Delbr\u00fcck(Bentfeld) Fischvorkommen: Aal, Barsch, Brassen, Karpfen, Rotaugen, Rotfeder, Wels, Hecht Fl\u00e4che: 30ha Tiefe: 7-9m Der Nettelnbrecker See ist unser neuestes Gew\u00e4sser, das nur durch den Jothebach vom Gro\u00dfen Bentfelder See getrennt ist. Das neueste Abgrabungsgew\u00e4sser unseres Vereins zeichnet sich durch sehr klares Wasser und naturbelassene Ufer aus. Der Grund daf\u00fcr ist, <a href=\"https:\/\/angelverein-verl-suerenheide.de\/?page_id=128\" class=\"more-link\">...weiterlesen<span class=\"screen-reader-text\"> \"Nettelnbrecker See\"<\/span><\/a><\/p>\n","protected":false},"author":1,"featured_media":0,"parent":30,"menu_order":0,"comment_status":"closed","ping_status":"closed","template":"","meta":{"jetpack_post_was_ever_published":false,"footnotes":""},"class_list":["post-128","page","type-page","status-publish","h-entry","hentry","h-as-page"],"jetpack_sharing_enabled":true,"jetpack_shortlink":"https:\/\/wp.me\/P8Yuus-24","_links":{"self":[{"href":"https:\/\/angelverein-verl-suerenheide.de\/index.php?rest_route=\/wp\/v2\/pages\/128","targetHints":{"allow":["GET"]}}],"collection":[{"href":"https:\/\/angelverein-verl-suerenheide.de\/index.php?rest_route=\/wp\/v2\/pages"}],"about":[{"href":"https:\/\/angelverein-verl-suerenheide.de\/index.php?rest_route=\/wp\/v2\/types\/page"}],"author":[{"embeddable":true,"href":"https:\/\/angelverein-verl-suerenheide.de\/index.php?rest_route=\/wp\/v2\/users\/1"}],"replies":[{"embeddable":true,"href":"https:\/\/angelverein-verl-suerenheide.de\/index.php?rest_route=%2Fwp%2Fv2%2Fcomments&post=128"}],"version-history":[{"count":7,"href":"https:\/\/angelverein-verl-suerenheide.de\/index.php?rest_route=\/wp\/v2\/pages\/128\/revisions"}],"predecessor-version":[{"id":1620,"href":"https:\/\/angelverein-verl-suerenheide.de\/index.php?rest_route=\/wp\/v2\/pages\/128\/revisions\/1620"}],"up":[{"embeddable":true,"href":"https:\/\/angelverein-verl-suerenheide.de\/index.php?rest_route=\/wp\/v2\/pages\/30"}],"wp:attachment":[{"href":"https:\/\/angelverein-verl-suerenheide.de\/index.php?rest_route=%2Fwp%2Fv2%2Fmedia&parent=128"}],"curies":[{"name":"wp","href":"https:\/\/api.w.org\/{rel}","templated":true}]}}