{"id":130,"date":"2017-07-14T09:43:12","date_gmt":"2017-07-14T09:43:12","guid":{"rendered":"http:\/\/www.angelverein-verl-suerenheide.de?page_id=130"},"modified":"2026-03-13T21:45:25","modified_gmt":"2026-03-13T19:45:25","slug":"oelbach","status":"publish","type":"page","link":"https:\/\/angelverein-verl-suerenheide.de\/?page_id=130","title":{"rendered":"\u00d6lbach"},"content":{"rendered":"\n<p>Daten zum Gew\u00e4sser<\/p>\n\n\n\n<p><strong>Ort:<\/strong><\/p>\n\n\n\n<p>Stadt Verl<\/p>\n\n\n\n<p><strong>Beschreibung \/ Besonderheiten:<\/strong><\/p>\n\n\n\n<p>An allen Flie\u00dfgew\u00e4ssern (Dalke, Landerbach, \u00d6lbach und Wapel) darf nur mit Einzelhaken ohne Widerhaken (Schonhaken) geangelt werden. Die Fangbegrenzung an Bachforellen ist Flie\u00dfgew\u00e4sser\u00fcbergreifend auf maximal 2 St\u00fccke pro Tag begrenzt. Das Mindestma\u00df f\u00fcr die Bachforelle betr\u00e4gt 30 cm.<\/p>\n\n\n\n<p><strong>Fischvorkommen:<\/strong><\/p>\n\n\n\n<p>Bachforelle, Regenbogenforelle, Barsch, Rotauge, Rotfeder, Aal<\/p>\n\n\n\n<p>Fl\u00e4che: 3,9ha, von der Quelle bis zum TWE-Bahn\u00fcbergang, Verler Stra\u00dfe<\/p>\n\n\n\n<p>Tiefe: 0,1m-1m<\/p>\n\n\n\n<p>Der \u00d6lbach ist ein sehr naturbelassenes, sauberes Gew\u00e4sser. Er entspringt am Fu\u00dfe des Teutoburger Waldes und flie\u00dft durch Schlo\u00df Holte-Stukenbrock und Verl. Dieser Fluss zeichnet sich besonders durch seine Vielf\u00e4ltigkeit aus, da er durch Wiesen, W\u00e4lder und Felder flie\u00dft. Daher hat ein hohes Nahrungsangebot f\u00fcr Forellen, die hier besonders gut gedeihen. Dennoch findet man an den bis zu 1m tiefen Stellen auch andere Fischarten, die den Anglern an den Haken gehen. Der \u00d6lbach weist eine beangelbare Fl\u00e4che von circa 3,9ha auf, die viele malerische Naturr\u00e4ume beinhaltet. So ist jede Angeltour ein Erlebnis.<\/p>\n\n\n\n<figure class=\"wp-block-image\"><a href=\"http:\/\/www.angelverein-verl-suerenheide.de\/?attachment_id=216\" rel=\"attachment wp-att-216\"><img loading=\"lazy\" decoding=\"async\" width=\"150\" height=\"150\" src=\"http:\/\/www.angelverein-verl-suerenheide.de\/wp-content\/uploads\/2017\/07\/P1000933.oelbach-150x150.jpg\" alt=\"\" class=\"wp-image-216\"\/><\/a><\/figure>\n\n\n\n<figure class=\"wp-block-image\"><a href=\"http:\/\/www.angelverein-verl-suerenheide.de\/?attachment_id=215\" rel=\"attachment wp-att-215\"><img loading=\"lazy\" decoding=\"async\" width=\"150\" height=\"150\" src=\"http:\/\/www.angelverein-verl-suerenheide.de\/wp-content\/uploads\/2017\/07\/P1000932.oelbach-150x150.jpg\" alt=\"\" class=\"wp-image-215\"\/><\/a><\/figure>\n\n\n\n<figure class=\"wp-block-image\"><a href=\"http:\/\/www.angelverein-verl-suerenheide.de\/?attachment_id=214\" rel=\"attachment wp-att-214\"><img loading=\"lazy\" decoding=\"async\" width=\"150\" height=\"150\" src=\"http:\/\/www.angelverein-verl-suerenheide.de\/wp-content\/uploads\/2017\/07\/P1000931.oelbach-150x150.jpg\" alt=\"\" class=\"wp-image-214\"\/><\/a><\/figure>\n\n\n\n<figure class=\"wp-block-image\"><a href=\"http:\/\/www.angelverein-verl-suerenheide.de\/?attachment_id=213\" rel=\"attachment wp-att-213\"><img loading=\"lazy\" decoding=\"async\" width=\"150\" height=\"150\" src=\"http:\/\/www.angelverein-verl-suerenheide.de\/wp-content\/uploads\/2017\/07\/P1000930.oelbach-150x150.jpg\" alt=\"\" class=\"wp-image-213\"\/><\/a><\/figure>\n\n\n\n<figure class=\"wp-block-image\"><a href=\"http:\/\/www.angelverein-verl-suerenheide.de\/?attachment_id=212\" rel=\"attachment wp-att-212\"><img loading=\"lazy\" decoding=\"async\" width=\"150\" height=\"150\" src=\"http:\/\/www.angelverein-verl-suerenheide.de\/wp-content\/uploads\/2017\/07\/P1000929.oelbach-150x150.jpg\" alt=\"\" class=\"wp-image-212\"\/><\/a><\/figure>\n\n\n\n<figure class=\"wp-block-image\"><a href=\"http:\/\/www.angelverein-verl-suerenheide.de\/?attachment_id=211\" rel=\"attachment wp-att-211\"><img loading=\"lazy\" decoding=\"async\" width=\"150\" height=\"150\" src=\"http:\/\/www.angelverein-verl-suerenheide.de\/wp-content\/uploads\/2017\/07\/P1000928.oelbach-150x150.jpg\" alt=\"\" class=\"wp-image-211\"\/><\/a><\/figure>\n\n\n\n<figure class=\"wp-block-image\"><a href=\"http:\/\/www.angelverein-verl-suerenheide.de\/?attachment_id=210\" rel=\"attachment wp-att-210\"><img loading=\"lazy\" decoding=\"async\" width=\"150\" height=\"150\" src=\"http:\/\/www.angelverein-verl-suerenheide.de\/wp-content\/uploads\/2017\/07\/P1000927.oelbach-150x150.jpg\" alt=\"\" class=\"wp-image-210\"\/><\/a><\/figure>\n\n\n\n<figure class=\"wp-block-image\"><a href=\"http:\/\/www.angelverein-verl-suerenheide.de\/?attachment_id=203\" rel=\"attachment wp-att-203\"><img loading=\"lazy\" decoding=\"async\" width=\"150\" height=\"150\" src=\"http:\/\/www.angelverein-verl-suerenheide.de\/wp-content\/uploads\/2017\/07\/P1000920.oelbach-150x150.jpg\" alt=\"\" class=\"wp-image-203\"\/><\/a><\/figure>\n\n\n\n<figure class=\"wp-block-image\"><a href=\"http:\/\/www.angelverein-verl-suerenheide.de\/?attachment_id=202\" rel=\"attachment wp-att-202\"><img loading=\"lazy\" decoding=\"async\" width=\"150\" height=\"150\" src=\"http:\/\/www.angelverein-verl-suerenheide.de\/wp-content\/uploads\/2017\/07\/P1000919.oelbach-150x150.jpg\" alt=\"\" class=\"wp-image-202\"\/><\/a><\/figure>\n\n\n\n<p><\/p>\n\n\n\n<p><a href=\"http:\/\/www.angelverein-verl-suerenheide.de\/?page_id=30\">Zur\u00fcck zur \u00dcbersicht Gew\u00e4sser<\/a><\/p>\n","protected":false},"excerpt":{"rendered":"<p>Daten zum Gew\u00e4sser Ort: Stadt Verl Beschreibung \/ Besonderheiten: An allen Flie\u00dfgew\u00e4ssern (Dalke, Landerbach, \u00d6lbach und Wapel) darf nur mit Einzelhaken ohne Widerhaken (Schonhaken) geangelt werden. Die Fangbegrenzung an Bachforellen ist Flie\u00dfgew\u00e4sser\u00fcbergreifend auf maximal 2 St\u00fccke pro Tag begrenzt. Das Mindestma\u00df f\u00fcr die Bachforelle betr\u00e4gt 30 cm. Fischvorkommen: Bachforelle, Regenbogenforelle, Barsch, Rotauge, Rotfeder, Aal Fl\u00e4che: <a href=\"https:\/\/angelverein-verl-suerenheide.de\/?page_id=130\" class=\"more-link\">...weiterlesen<span class=\"screen-reader-text\"> \"\u00d6lbach\"<\/span><\/a><\/p>\n","protected":false},"author":1,"featured_media":0,"parent":30,"menu_order":0,"comment_status":"closed","ping_status":"closed","template":"","meta":{"jetpack_post_was_ever_published":false,"footnotes":""},"class_list":["post-130","page","type-page","status-publish","h-entry","hentry","h-as-page"],"jetpack_sharing_enabled":true,"jetpack_shortlink":"https:\/\/wp.me\/P8Yuus-26","_links":{"self":[{"href":"https:\/\/angelverein-verl-suerenheide.de\/index.php?rest_route=\/wp\/v2\/pages\/130","targetHints":{"allow":["GET"]}}],"collection":[{"href":"https:\/\/angelverein-verl-suerenheide.de\/index.php?rest_route=\/wp\/v2\/pages"}],"about":[{"href":"https:\/\/angelverein-verl-suerenheide.de\/index.php?rest_route=\/wp\/v2\/types\/page"}],"author":[{"embeddable":true,"href":"https:\/\/angelverein-verl-suerenheide.de\/index.php?rest_route=\/wp\/v2\/users\/1"}],"replies":[{"embeddable":true,"href":"https:\/\/angelverein-verl-suerenheide.de\/index.php?rest_route=%2Fwp%2Fv2%2Fcomments&post=130"}],"version-history":[{"count":5,"href":"https:\/\/angelverein-verl-suerenheide.de\/index.php?rest_route=\/wp\/v2\/pages\/130\/revisions"}],"predecessor-version":[{"id":1759,"href":"https:\/\/angelverein-verl-suerenheide.de\/index.php?rest_route=\/wp\/v2\/pages\/130\/revisions\/1759"}],"up":[{"embeddable":true,"href":"https:\/\/angelverein-verl-suerenheide.de\/index.php?rest_route=\/wp\/v2\/pages\/30"}],"wp:attachment":[{"href":"https:\/\/angelverein-verl-suerenheide.de\/index.php?rest_route=%2Fwp%2Fv2%2Fmedia&parent=130"}],"curies":[{"name":"wp","href":"https:\/\/api.w.org\/{rel}","templated":true}]}}