{"id":132,"date":"2017-07-14T09:44:20","date_gmt":"2017-07-14T09:44:20","guid":{"rendered":"http:\/\/www.angelverein-verl-suerenheide.de?page_id=132"},"modified":"2022-04-19T12:11:53","modified_gmt":"2022-04-19T10:11:53","slug":"verler-see","status":"publish","type":"page","link":"https:\/\/angelverein-verl-suerenheide.de\/?page_id=132","title":{"rendered":"Verler See"},"content":{"rendered":"<p>Daten zum Gew\u00e4sser<\/p>\n<p>Ort: Verl<\/p>\n<p>Fischvorkommen: Hecht, Aal, Barsch, Brassen, Rotauge, Rotfeder, Schleie, Karpfen<\/p>\n<p>Fl\u00e4che: 7,5ha<\/p>\n<p>Tiefe: bis 8m<\/p>\n<p>Der Verler See ist ein Abgrabungsgew\u00e4sser und liegt im Osten des Kreises G\u00fctersloh zwischen den Ortschaften Verl und S\u00fcrenheide. Das 7,5ha gro\u00dfe Gew\u00e4sser wird nicht zuletzt wegen den sch\u00f6nen Uferzonen als Naherholungsgebiet genutzt. Eine Besonderheit sind die Rad- und Fu\u00dfg\u00e4ngerwege, die den See umschlie\u00dfen und ihn leicht erreichbar machen. Des Weiteren ist das Gew\u00e4sser ein lohnendes Angelrevier, der besonders von unseren Jugendanglern genutzt wird, da ein kleiner Teil des Ufers nur f\u00fcr Mitglieder erreichbar ist und sie dort ihrer Leidenschaft zum Angeln ungest\u00f6rt nachgehen k\u00f6nnen. Doch auch neben M\u00f6glichkeiten f\u00fcr Spazierg\u00e4ngern und Anglern, besitzt die Hege und Pflege der Natur einen sehr hohen Stellenwert.<br \/>\nDies zeigt sich anhand eines respektablen Schongebietes, das der Natur allein \u00fcberlassen ist, f\u00fcr dessen Schutz und Bestand sich der Verein einsetzt.<\/p>\n<p><a href=\"http:\/\/www.angelverein-verl-suerenheide.de\/?attachment_id=209\" rel=\"attachment wp-att-209\"><img loading=\"lazy\" decoding=\"async\" class=\"alignnone size-thumbnail wp-image-209\" src=\"http:\/\/www.angelverein-verl-suerenheide.de\/wp-content\/uploads\/2017\/07\/P1000926.verlersee-150x150.jpg\" alt=\"\" width=\"150\" height=\"150\" \/><\/a> <a href=\"http:\/\/www.angelverein-verl-suerenheide.de\/?attachment_id=208\" rel=\"attachment wp-att-208\"><img loading=\"lazy\" decoding=\"async\" class=\"alignnone size-thumbnail wp-image-208\" src=\"http:\/\/www.angelverein-verl-suerenheide.de\/wp-content\/uploads\/2017\/07\/P1000925.verlersee-150x150.jpg\" alt=\"\" width=\"150\" height=\"150\" \/><\/a> <a href=\"http:\/\/www.angelverein-verl-suerenheide.de\/?attachment_id=207\" rel=\"attachment wp-att-207\"><img loading=\"lazy\" decoding=\"async\" class=\"alignnone size-thumbnail wp-image-207\" src=\"http:\/\/www.angelverein-verl-suerenheide.de\/wp-content\/uploads\/2017\/07\/P1000924.verlersee-150x150.jpg\" alt=\"\" width=\"150\" height=\"150\" \/><\/a> <a href=\"http:\/\/www.angelverein-verl-suerenheide.de\/?attachment_id=206\" rel=\"attachment wp-att-206\"><img loading=\"lazy\" decoding=\"async\" class=\"alignnone size-thumbnail wp-image-206\" src=\"http:\/\/www.angelverein-verl-suerenheide.de\/wp-content\/uploads\/2017\/07\/P1000923.verlersee-150x150.jpg\" alt=\"\" width=\"150\" height=\"150\" \/><\/a> <a href=\"http:\/\/www.angelverein-verl-suerenheide.de\/?attachment_id=205\" rel=\"attachment wp-att-205\"><img loading=\"lazy\" decoding=\"async\" class=\"alignnone size-thumbnail wp-image-205\" src=\"http:\/\/www.angelverein-verl-suerenheide.de\/wp-content\/uploads\/2017\/07\/P1000922.verlersee-150x150.jpg\" alt=\"\" width=\"150\" height=\"150\" \/><\/a> <a href=\"http:\/\/www.angelverein-verl-suerenheide.de\/?attachment_id=204\" rel=\"attachment wp-att-204\"><img loading=\"lazy\" decoding=\"async\" class=\"alignnone size-thumbnail wp-image-204\" src=\"http:\/\/www.angelverein-verl-suerenheide.de\/wp-content\/uploads\/2017\/07\/P1000921.verlersee-150x150.jpg\" alt=\"\" width=\"150\" height=\"150\" \/><\/a><\/p>\n<div class='w3eden'><!-- WPDM Link Template: Default Template -->\n\n<div class=\"link-template-default card mb-2\">\n    <div class=\"card-body\">\n        <div class=\"media\">\n            <div class=\"mr-3 img-48\"><img decoding=\"async\" class=\"wpdm_icon\" alt=\"Icon\" src=\"https:\/\/angelverein-verl-suerenheide.de\/wp-content\/plugins\/download-manager\/assets\/file-type-icons\/pdf.svg\" \/><\/div>\n            <div class=\"media-body\">\n                <h3 class=\"package-title\"><a href='https:\/\/angelverein-verl-suerenheide.de\/?wpdmpro=tiefenkarte-verler-see-2017'>Tiefenkarte Verler See 2017<\/a><\/h3>\n                <div class=\"text-muted text-small\"><i class=\"fas fa-copy\"><\/i> 1 Datei(en) <i class=\"fas fa-hdd ml-3\"><\/i> 1.06 MB<\/div>\n            <\/div>\n            <div class=\"ml-3\">\n                <a class='wpdm-download-link download-on-click btn btn-primary ' rel='nofollow' href='#' data-downloadurl=\"https:\/\/angelverein-verl-suerenheide.de\/?wpdmpro=tiefenkarte-verler-see-2017&wpdmdl=261&refresh=69e05f73b90b51776312179\">Download<\/a>\n            <\/div>\n        <\/div>\n    <\/div>\n<\/div>\n\n<\/div>\n<div class='w3eden'><!-- WPDM Link Template: Default Template -->\n\n<div class=\"link-template-default card mb-2\">\n    <div class=\"card-body\">\n        <div class=\"media\">\n            <div class=\"mr-3 img-48\"><img decoding=\"async\" class=\"wpdm_icon\" alt=\"Icon\" src=\"https:\/\/angelverein-verl-suerenheide.de\/wp-content\/plugins\/download-manager\/assets\/file-type-icons\/pdf.svg\" \/><\/div>\n            <div class=\"media-body\">\n                <h3 class=\"package-title\"><a href='https:\/\/angelverein-verl-suerenheide.de\/?wpdmpro=gewaessererklaerung'>Gew\u00e4ssererkl\u00e4rung<\/a><\/h3>\n                <div class=\"text-muted text-small\"><i class=\"fas fa-copy\"><\/i> 1 Datei(en) <i class=\"fas fa-hdd ml-3\"><\/i> 333.37 KB<\/div>\n            <\/div>\n            <div class=\"ml-3\">\n                <a class='wpdm-download-link download-on-click btn btn-primary ' rel='nofollow' href='#' data-downloadurl=\"https:\/\/angelverein-verl-suerenheide.de\/?wpdmpro=gewaessererklaerung&wpdmdl=1585&refresh=69e05f73c31ca1776312179\">Download<\/a>\n            <\/div>\n        <\/div>\n    <\/div>\n<\/div>\n\n<\/div>\n<p><a href=\"http:\/\/www.angelverein-verl-suerenheide.de\/?page_id=30\">Zur\u00fcck zur \u00dcbersicht Gew\u00e4sser<\/a><\/p>\n","protected":false},"excerpt":{"rendered":"<p>Daten zum Gew\u00e4sser Ort: Verl Fischvorkommen: Hecht, Aal, Barsch, Brassen, Rotauge, Rotfeder, Schleie, Karpfen Fl\u00e4che: 7,5ha Tiefe: bis 8m Der Verler See ist ein Abgrabungsgew\u00e4sser und liegt im Osten des Kreises G\u00fctersloh zwischen den Ortschaften Verl und S\u00fcrenheide. Das 7,5ha gro\u00dfe Gew\u00e4sser wird nicht zuletzt wegen den sch\u00f6nen Uferzonen als Naherholungsgebiet genutzt. Eine Besonderheit sind <a href=\"https:\/\/angelverein-verl-suerenheide.de\/?page_id=132\" class=\"more-link\">...weiterlesen<span class=\"screen-reader-text\"> \"Verler See\"<\/span><\/a><\/p>\n","protected":false},"author":1,"featured_media":0,"parent":30,"menu_order":0,"comment_status":"closed","ping_status":"closed","template":"","meta":{"jetpack_post_was_ever_published":false,"footnotes":""},"class_list":["post-132","page","type-page","status-publish","h-entry","hentry","h-as-page"],"jetpack_sharing_enabled":true,"jetpack_shortlink":"https:\/\/wp.me\/P8Yuus-28","_links":{"self":[{"href":"https:\/\/angelverein-verl-suerenheide.de\/index.php?rest_route=\/wp\/v2\/pages\/132","targetHints":{"allow":["GET"]}}],"collection":[{"href":"https:\/\/angelverein-verl-suerenheide.de\/index.php?rest_route=\/wp\/v2\/pages"}],"about":[{"href":"https:\/\/angelverein-verl-suerenheide.de\/index.php?rest_route=\/wp\/v2\/types\/page"}],"author":[{"embeddable":true,"href":"https:\/\/angelverein-verl-suerenheide.de\/index.php?rest_route=\/wp\/v2\/users\/1"}],"replies":[{"embeddable":true,"href":"https:\/\/angelverein-verl-suerenheide.de\/index.php?rest_route=%2Fwp%2Fv2%2Fcomments&post=132"}],"version-history":[{"count":7,"href":"https:\/\/angelverein-verl-suerenheide.de\/index.php?rest_route=\/wp\/v2\/pages\/132\/revisions"}],"predecessor-version":[{"id":1592,"href":"https:\/\/angelverein-verl-suerenheide.de\/index.php?rest_route=\/wp\/v2\/pages\/132\/revisions\/1592"}],"up":[{"embeddable":true,"href":"https:\/\/angelverein-verl-suerenheide.de\/index.php?rest_route=\/wp\/v2\/pages\/30"}],"wp:attachment":[{"href":"https:\/\/angelverein-verl-suerenheide.de\/index.php?rest_route=%2Fwp%2Fv2%2Fmedia&parent=132"}],"curies":[{"name":"wp","href":"https:\/\/api.w.org\/{rel}","templated":true}]}}