{"id":134,"date":"2017-07-14T09:45:25","date_gmt":"2017-07-14T09:45:25","guid":{"rendered":"http:\/\/www.angelverein-verl-suerenheide.de?page_id=134"},"modified":"2026-03-13T21:42:42","modified_gmt":"2026-03-13T19:42:42","slug":"wapel","status":"publish","type":"page","link":"https:\/\/angelverein-verl-suerenheide.de\/?page_id=134","title":{"rendered":"Wapel"},"content":{"rendered":"\n<p>Daten zum Gew\u00e4sser<\/p>\n\n\n\n<p><strong>Ort: <\/strong>Stadt Verl<\/p>\n\n\n\n<p><strong>Beschreibung \/ Besonderheiten<\/strong>:<\/p>\n\n\n\n<p>An allen Flie\u00dfgew\u00e4ssern (Dalke, Landerbach, \u00d6lbach und Wapel) darf nur mit Einzelhaken ohne Widerhaken (Schonhaken) geangelt werden. Die Fangbegrenzung an Bachforellen ist Flie\u00dfgew\u00e4sser\u00fcbergreifend auf maximal 2 St\u00fccke pro Tag begrenzt. Das Mindestma\u00df f\u00fcr die Bachforelle betr\u00e4gt 30 cm.<\/p>\n\n\n\n<p><strong>Fischvorkommen:<\/strong> <\/p>\n\n\n\n<p>Bachforelle, Barsch, Rotauge, Rotfeder, Gr\u00fcndlinge<\/p>\n\n\n\n<p>Fl\u00e4che: 2,3ha, von der Quelle bis zur Oesterwieher Stra\u00dfe<\/p>\n\n\n\n<p>Tiefe: 0,1m-0,5m<\/p>\n\n\n\n<p>Die Wapel, als ein Nebenfluss der Dalke, ist ein Bach von 35km L\u00e4nge, der um G\u00fctersloh herumflie\u00dft.Unserer Verein beangelt den Oberlauf des Baches, der eine hohe Wasserqualit\u00e4t aufweist. Diese Gegebenheit manifestiert sich in dem Vorkommen der gesch\u00fctzen Fischart der Groppe und Bachneunauge. Der Unterlauf hingegen,an dem das bekannte Wapelbad liegt, hat eine geringere Wasserqualit\u00e4t, weshalb der Badebetrieb dort eingestellt wurde.<\/p>\n\n\n\n<figure class=\"wp-block-image\"><a href=\"http:\/\/www.angelverein-verl-suerenheide.de\/?attachment_id=193\" rel=\"attachment wp-att-193\"><img loading=\"lazy\" decoding=\"async\" width=\"150\" height=\"150\" src=\"http:\/\/www.angelverein-verl-suerenheide.de\/wp-content\/uploads\/2017\/07\/P1000907.wapelbach-150x150.jpg\" alt=\"\" class=\"wp-image-193\"\/><\/a><\/figure>\n\n\n\n<figure class=\"wp-block-image\"><a href=\"http:\/\/www.angelverein-verl-suerenheide.de\/?attachment_id=192\" rel=\"attachment wp-att-192\"><img loading=\"lazy\" decoding=\"async\" width=\"150\" height=\"150\" src=\"http:\/\/www.angelverein-verl-suerenheide.de\/wp-content\/uploads\/2017\/07\/P1000906.wapelbach-150x150.jpg\" alt=\"\" class=\"wp-image-192\"\/><\/a><\/figure>\n\n\n\n<figure class=\"wp-block-image\"><a href=\"http:\/\/www.angelverein-verl-suerenheide.de\/?attachment_id=188\" rel=\"attachment wp-att-188\"><img loading=\"lazy\" decoding=\"async\" width=\"150\" height=\"150\" src=\"http:\/\/www.angelverein-verl-suerenheide.de\/wp-content\/uploads\/2017\/07\/P1000902.wapelbach-150x150.jpg\" alt=\"\" class=\"wp-image-188\"\/><\/a><\/figure>\n\n\n\n<figure class=\"wp-block-image\"><a href=\"http:\/\/www.angelverein-verl-suerenheide.de\/?attachment_id=189\" rel=\"attachment wp-att-189\"><img loading=\"lazy\" decoding=\"async\" width=\"150\" height=\"150\" src=\"http:\/\/www.angelverein-verl-suerenheide.de\/wp-content\/uploads\/2017\/07\/P1000903.wapelbach-150x150.jpg\" alt=\"\" class=\"wp-image-189\"\/><\/a><\/figure>\n\n\n\n<figure class=\"wp-block-image\"><a href=\"http:\/\/www.angelverein-verl-suerenheide.de\/?attachment_id=190\" rel=\"attachment wp-att-190\"><img loading=\"lazy\" decoding=\"async\" width=\"150\" height=\"150\" src=\"http:\/\/www.angelverein-verl-suerenheide.de\/wp-content\/uploads\/2017\/07\/P1000904.wapelbach-150x150.jpg\" alt=\"\" class=\"wp-image-190\"\/><\/a><\/figure>\n\n\n\n<figure class=\"wp-block-image\"><a href=\"http:\/\/www.angelverein-verl-suerenheide.de\/?attachment_id=191\" rel=\"attachment wp-att-191\"><img loading=\"lazy\" decoding=\"async\" width=\"150\" height=\"150\" src=\"http:\/\/www.angelverein-verl-suerenheide.de\/wp-content\/uploads\/2017\/07\/P1000905.wapelbach-150x150.jpg\" alt=\"\" class=\"wp-image-191\"\/><\/a><\/figure>\n\n\n\n<p><\/p>\n\n\n\n<p>&nbsp;<\/p>\n\n\n\n<p><a href=\"http:\/\/www.angelverein-verl-suerenheide.de\/?page_id=30\">Zur\u00fcck zur \u00dcbersicht Gew\u00e4sser<\/a><\/p>\n","protected":false},"excerpt":{"rendered":"<p>Daten zum Gew\u00e4sser Ort: Stadt Verl Beschreibung \/ Besonderheiten: An allen Flie\u00dfgew\u00e4ssern (Dalke, Landerbach, \u00d6lbach und Wapel) darf nur mit Einzelhaken ohne Widerhaken (Schonhaken) geangelt werden. Die Fangbegrenzung an Bachforellen ist Flie\u00dfgew\u00e4sser\u00fcbergreifend auf maximal 2 St\u00fccke pro Tag begrenzt. Das Mindestma\u00df f\u00fcr die Bachforelle betr\u00e4gt 30 cm. Fischvorkommen: Bachforelle, Barsch, Rotauge, Rotfeder, Gr\u00fcndlinge Fl\u00e4che: 2,3ha, <a href=\"https:\/\/angelverein-verl-suerenheide.de\/?page_id=134\" class=\"more-link\">...weiterlesen<span class=\"screen-reader-text\"> \"Wapel\"<\/span><\/a><\/p>\n","protected":false},"author":1,"featured_media":0,"parent":30,"menu_order":0,"comment_status":"closed","ping_status":"closed","template":"","meta":{"jetpack_post_was_ever_published":false,"footnotes":""},"class_list":["post-134","page","type-page","status-publish","h-entry","hentry","h-as-page"],"jetpack_sharing_enabled":true,"jetpack_shortlink":"https:\/\/wp.me\/P8Yuus-2a","_links":{"self":[{"href":"https:\/\/angelverein-verl-suerenheide.de\/index.php?rest_route=\/wp\/v2\/pages\/134","targetHints":{"allow":["GET"]}}],"collection":[{"href":"https:\/\/angelverein-verl-suerenheide.de\/index.php?rest_route=\/wp\/v2\/pages"}],"about":[{"href":"https:\/\/angelverein-verl-suerenheide.de\/index.php?rest_route=\/wp\/v2\/types\/page"}],"author":[{"embeddable":true,"href":"https:\/\/angelverein-verl-suerenheide.de\/index.php?rest_route=\/wp\/v2\/users\/1"}],"replies":[{"embeddable":true,"href":"https:\/\/angelverein-verl-suerenheide.de\/index.php?rest_route=%2Fwp%2Fv2%2Fcomments&post=134"}],"version-history":[{"count":4,"href":"https:\/\/angelverein-verl-suerenheide.de\/index.php?rest_route=\/wp\/v2\/pages\/134\/revisions"}],"predecessor-version":[{"id":1756,"href":"https:\/\/angelverein-verl-suerenheide.de\/index.php?rest_route=\/wp\/v2\/pages\/134\/revisions\/1756"}],"up":[{"embeddable":true,"href":"https:\/\/angelverein-verl-suerenheide.de\/index.php?rest_route=\/wp\/v2\/pages\/30"}],"wp:attachment":[{"href":"https:\/\/angelverein-verl-suerenheide.de\/index.php?rest_route=%2Fwp%2Fv2%2Fmedia&parent=134"}],"curies":[{"name":"wp","href":"https:\/\/api.w.org\/{rel}","templated":true}]}}