{"id":1703,"date":"2025-12-17T19:25:10","date_gmt":"2025-12-17T17:25:10","guid":{"rendered":"https:\/\/angelverein-verl-suerenheide.de\/?page_id=1703"},"modified":"2025-12-17T19:25:10","modified_gmt":"2025-12-17T17:25:10","slug":"vorbereitungslehrgang-fischerpruefung","status":"publish","type":"page","link":"https:\/\/angelverein-verl-suerenheide.de\/?page_id=1703","title":{"rendered":"Vorbereitungslehrgang Fischerpr\u00fcfung"},"content":{"rendered":"\n<p>Auch im 1. Halbjahr 2026 f\u00fchrt der Verein wieder einen Vorbereitungskurs f\u00fcr die Fischerpr\u00fcfung durch.<br><br>Der n\u00e4chste Kurs startet am 21. Februar. An 5 Samstagen werden die n\u00f6tigen Kenntnisse f\u00fcr die erforderliche Pr\u00fcfung vermittelt.<br>Anmelden k\u00f6nnt ihr Euch unter:<br>0171 4178928 bei Christian Bombeck<br><br>Viele Gr\u00fc\u00dfe <\/p>\n\n\n\n<p>Torsten <\/p>\n\n\n\n<p><\/p>\n","protected":false},"excerpt":{"rendered":"<p>Auch im 1. Halbjahr 2026 f\u00fchrt der Verein wieder einen Vorbereitungskurs f\u00fcr die Fischerpr\u00fcfung durch. Der n\u00e4chste Kurs startet am 21. Februar. An 5 Samstagen werden die n\u00f6tigen Kenntnisse f\u00fcr die erforderliche Pr\u00fcfung vermittelt.Anmelden k\u00f6nnt ihr Euch unter:0171 4178928 bei Christian Bombeck Viele Gr\u00fc\u00dfe Torsten<\/p>\n","protected":false},"author":1,"featured_media":0,"parent":0,"menu_order":0,"comment_status":"closed","ping_status":"closed","template":"","meta":{"jetpack_post_was_ever_published":false,"footnotes":""},"class_list":["post-1703","page","type-page","status-publish","h-entry","hentry","h-as-page"],"jetpack_sharing_enabled":true,"jetpack_shortlink":"https:\/\/wp.me\/P8Yuus-rt","_links":{"self":[{"href":"https:\/\/angelverein-verl-suerenheide.de\/index.php?rest_route=\/wp\/v2\/pages\/1703","targetHints":{"allow":["GET"]}}],"collection":[{"href":"https:\/\/angelverein-verl-suerenheide.de\/index.php?rest_route=\/wp\/v2\/pages"}],"about":[{"href":"https:\/\/angelverein-verl-suerenheide.de\/index.php?rest_route=\/wp\/v2\/types\/page"}],"author":[{"embeddable":true,"href":"https:\/\/angelverein-verl-suerenheide.de\/index.php?rest_route=\/wp\/v2\/users\/1"}],"replies":[{"embeddable":true,"href":"https:\/\/angelverein-verl-suerenheide.de\/index.php?rest_route=%2Fwp%2Fv2%2Fcomments&post=1703"}],"version-history":[{"count":1,"href":"https:\/\/angelverein-verl-suerenheide.de\/index.php?rest_route=\/wp\/v2\/pages\/1703\/revisions"}],"predecessor-version":[{"id":1705,"href":"https:\/\/angelverein-verl-suerenheide.de\/index.php?rest_route=\/wp\/v2\/pages\/1703\/revisions\/1705"}],"wp:attachment":[{"href":"https:\/\/angelverein-verl-suerenheide.de\/index.php?rest_route=%2Fwp%2Fv2%2Fmedia&parent=1703"}],"curies":[{"name":"wp","href":"https:\/\/api.w.org\/{rel}","templated":true}]}}