{"id":253,"date":"2017-07-14T13:46:50","date_gmt":"2017-07-14T11:46:50","guid":{"rendered":"http:\/\/www.angelverein-verl-suerenheide.de?page_id=253"},"modified":"2018-04-26T14:33:53","modified_gmt":"2018-04-26T12:33:53","slug":"registrieren","status":"publish","type":"page","link":"https:\/\/angelverein-verl-suerenheide.de\/?page_id=253","title":{"rendered":"Registrieren"},"content":{"rendered":"<div id=\"page\" class=\"hfeed site\">\n<div id=\"main\" class=\"site-main\">\n<div id=\"primary\" class=\"content-area\">\n<div id=\"content\" class=\"site-content\" role=\"main\">\n<article id=\"post-10\" class=\"post-10 page type-page status-publish hentry\">\n<div class=\"entry-content\">\n<p>Aufgrund der Umgestaltung der Homepage sind die \u201ealten\u201c Zugangsdaten <strong>Verlangler<\/strong> nicht mehr g\u00fcltig!<\/p>\n<p>Eine Registrierung ist nur f\u00fcr Mitglieder des Angelvereins Verl - S\u00fcrenheide e.V. zul\u00e4ssig und m\u00f6glich.<\/p>\n<p>Nach erfolgreicher Registrierung hat man Zugriff auf Kalender, Forum, etc.<\/p>\n<p>Die Daten werden vertraulich behandelt!<\/p>\n<\/div>\n<\/article>\n<\/div>\n<\/div>\n<\/div>\n<\/div>\n<div id=\"wpmem_reg\"><a id=\"register\"><\/a><form name=\"form\" method=\"post\" action=\"https:\/\/angelverein-verl-suerenheide.de\/?page_id=253\" id=\"wpmem_register_form\" class=\"form\"><input type=\"hidden\" id=\"_wpmem_register_nonce\" name=\"_wpmem_register_nonce\" value=\"804bfca83e\" \/><input type=\"hidden\" name=\"_wp_http_referer\" value=\"\/index.php?rest_route=%2Fwp%2Fv2%2Fpages%2F253\" \/><fieldset><legend>Registrieren<\/legend><label for=\"username\" class=\"text\">Einen Benutzernamen ausw\u00e4hlen<span class=\"req\">*<\/span><\/label><div class=\"div_text\"><input name=\"username\" type=\"text\" id=\"username\" value=\"\" class=\"textbox\" required  \/><\/div><label for=\"first_name\" class=\"text\">Vorname<span class=\"req\">*<\/span><\/label><div class=\"div_text\"><input name=\"first_name\" type=\"text\" id=\"first_name\" value=\"\" class=\"textbox\" required  \/><\/div><label for=\"last_name\" class=\"text\">Nachname<span class=\"req\">*<\/span><\/label><div class=\"div_text\"><input name=\"last_name\" type=\"text\" id=\"last_name\" value=\"\" class=\"textbox\" required  \/><\/div><label for=\"addr1\" class=\"text\">Adresszeile 1<span class=\"req\">*<\/span><\/label><div class=\"div_text\"><input name=\"addr1\" type=\"text\" id=\"addr1\" value=\"\" class=\"textbox\" required  \/><\/div><label for=\"addr2\" class=\"text\">Adresszusatz<\/label><div class=\"div_text\"><input name=\"addr2\" type=\"text\" id=\"addr2\" value=\"\" class=\"textbox\" \/><\/div><label for=\"city\" class=\"text\">Stadt<span class=\"req\">*<\/span><\/label><div class=\"div_text\"><input name=\"city\" type=\"text\" id=\"city\" value=\"\" class=\"textbox\" required  \/><\/div><label for=\"zip\" class=\"text\">PLZ<span class=\"req\">*<\/span><\/label><div class=\"div_text\"><input name=\"zip\" type=\"text\" id=\"zip\" value=\"\" class=\"textbox\" required  \/><\/div><label for=\"user_email\" class=\"text\">E-Mail<span class=\"req\">*<\/span><\/label><div class=\"div_text\"><input name=\"user_email\" type=\"email\" id=\"user_email\" value=\"\" class=\"textbox\" required  \/><\/div><label for=\"password\" class=\"text\">Passwort<span class=\"req\">*<\/span><\/label><div class=\"div_text\"><input name=\"password\" type=\"password\" id=\"password\" class=\"textbox\" required  \/><\/div><label for=\"confirm_password\" class=\"text\">Passwort wiederholen<span class=\"req\">*<\/span><\/label><div class=\"div_text\"><input name=\"confirm_password\" type=\"password\" id=\"confirm_password\" class=\"textbox\" required  \/><\/div><div class=\"div_text\"><input name=\"tos\" type=\"checkbox\" id=\"tos\" value=\"agree\" required  \/> <a href=\"#\" onClick=\"window.open('\/index.php?rest_route=%2Fwp%2Fv2%2Fpages%2F253&#038;tos=display','tos');\">tos<\/a><span class=\"req\">*<\/span><\/div><input type=\"hidden\" id=\"wpa_initiator\" class=\"wpa_initiator\" name=\"wpa_initiator\" value=\"\" \/><div class=\"h-captcha\" data-sitekey=\"38f64eba-37ba-43ae-897a-4fea6e4cbfde\"><\/div><script src=\"https:\/\/hcaptcha.com\/1\/api.js\" async defer><\/script><input name=\"a\" type=\"hidden\" value=\"register\" \/><input name=\"wpmem_reg_page\" type=\"hidden\" value=\"https:\/\/angelverein-verl-suerenheide.de\/?page_id=253\" \/><div class=\"button_div\"><input name=\"submit\" type=\"submit\" value=\"Registrieren\" class=\"buttons\" \/><\/div><div class=\"req-text\"><span class=\"req\">*<\/span>Pflichtfeld<\/div><\/fieldset><div align=\"center\"><small>Powered by <a href=\"https:\/\/rocketgeek.com\" target=\"_blank\">WP-Members<\/a><\/small><\/div><\/form><\/div>\n<p>Die im Rahmen der Registrierung eingegebenen Daten werden f\u00fcr die Zwecke der Nutzung des Angebotes verwendet. Die Nutzer k\u00f6nnen \u00fcber angebots- oder registrierungsrelevante Informationen, wie \u00c4nderungen des Angebotsumfangs oder technische Umst\u00e4nde per E-Mail informiert werden. Die erhobenen Daten sind aus der Eingabemaske im Rahmen der Registrierung ersichtlich.<\/p>\n<p>Widerruf, \u00c4nderungen, Berichtigungen und Aktualisierungen<br \/>\nDer Nutzer hat das Recht, auf Antrag unentgeltlich Auskunft zu erhalten \u00fcber die personenbezogenen Daten, die \u00fcber ihn gespeichert wurden. Zus\u00e4tzlich hat der Nutzer das Recht auf Berichtigung unrichtiger Daten, Sperrung und L\u00f6schung seiner personenbezogenen Daten, soweit dem keine gesetzliche Aufbewahrungspflicht entgegensteht.<\/p>\n<p>&nbsp;<\/p>\n<div id=\"wpmem_login\"><a id=\"pwdreset\"><\/a><form action=\"https:\/\/angelverein-verl-suerenheide.de\/?page_id=253\" method=\"POST\" id=\"wpmem_pwdreset_form\" class=\"form\"><input type=\"hidden\" id=\"_wpmem_pwdreset_nonce\" name=\"_wpmem_pwdreset_nonce\" value=\"c8b8db0a38\" \/><input type=\"hidden\" name=\"_wp_http_referer\" value=\"\/index.php?rest_route=%2Fwp%2Fv2%2Fpages%2F253\" \/><fieldset><legend>Passwort zur\u00fccksetzen<\/legend><label for=\"user\">Benutzername oder E-Mail-Adresse<\/label><div class=\"div_text\"><input name=\"user\" type=\"text\" id=\"user\" value=\"\" class=\"username\" required  \/><\/div><input name=\"a\" type=\"hidden\" value=\"pwdreset\" \/><input name=\"redirect_to\" type=\"hidden\" value=\"\/index.php?rest_route=%2Fwp%2Fv2%2Fpages%2F253\" \/><input name=\"formsubmit\" type=\"hidden\" value=\"1\" \/><div class=\"button_div\"><input type=\"submit\" name=\"Submit\" value=\"Passwort zur\u00fccksetzen\" class=\"buttons\" \/><\/div><\/fieldset><\/form><\/div>\n<p>&nbsp;<\/p>\n<div id=\"wpmem_login\"><a id=\"getusername\"><\/a><form action=\"https:\/\/angelverein-verl-suerenheide.de\/?page_id=253\" method=\"POST\" id=\"wpmem_getusername_form\" class=\"form\"><input type=\"hidden\" id=\"_wpmem_getusername_nonce\" name=\"_wpmem_getusername_nonce\" value=\"c8b8db0a38\" \/><input type=\"hidden\" name=\"_wp_http_referer\" value=\"\/index.php?rest_route=%2Fwp%2Fv2%2Fpages%2F253\" \/><fieldset><legend>Benutzername anfordern<\/legend><label for=\"user_email\">E-Mail-Adresse<\/label><div class=\"div_text\"><input name=\"user_email\" type=\"text\" id=\"user_email\" value=\"\" class=\"username\" required  \/><\/div><input name=\"a\" type=\"hidden\" value=\"getusername\" \/><input name=\"redirect_to\" type=\"hidden\" value=\"\/index.php?rest_route=%2Fwp%2Fv2%2Fpages%2F253\" \/><input name=\"formsubmit\" type=\"hidden\" value=\"1\" \/><div class=\"button_div\"><input type=\"submit\" name=\"Submit\" value=\"Benutzername anfordern\" class=\"buttons\" \/><\/div><\/fieldset><\/form><\/div>\n","protected":false},"excerpt":{"rendered":"<p>Aufgrund der Umgestaltung der Homepage sind die \u201ealten\u201c Zugangsdaten Verlangler nicht mehr g\u00fcltig! Eine Registrierung ist nur f\u00fcr Mitglieder des Angelvereins Verl - S\u00fcrenheide e.V. zul\u00e4ssig und m\u00f6glich. Nach erfolgreicher Registrierung hat man Zugriff auf Kalender, Forum, etc. Die Daten werden vertraulich behandelt! Die im Rahmen der Registrierung eingegebenen Daten werden f\u00fcr die Zwecke der <a href=\"https:\/\/angelverein-verl-suerenheide.de\/?page_id=253\" class=\"more-link\">...weiterlesen<span class=\"screen-reader-text\"> \"Registrieren\"<\/span><\/a><\/p>\n","protected":false},"author":1,"featured_media":0,"parent":0,"menu_order":0,"comment_status":"closed","ping_status":"closed","template":"","meta":{"jetpack_post_was_ever_published":false,"footnotes":""},"class_list":["post-253","page","type-page","status-publish","h-entry","hentry","h-as-page"],"jetpack_sharing_enabled":true,"jetpack_shortlink":"https:\/\/wp.me\/P8Yuus-45","_links":{"self":[{"href":"https:\/\/angelverein-verl-suerenheide.de\/index.php?rest_route=\/wp\/v2\/pages\/253","targetHints":{"allow":["GET"]}}],"collection":[{"href":"https:\/\/angelverein-verl-suerenheide.de\/index.php?rest_route=\/wp\/v2\/pages"}],"about":[{"href":"https:\/\/angelverein-verl-suerenheide.de\/index.php?rest_route=\/wp\/v2\/types\/page"}],"author":[{"embeddable":true,"href":"https:\/\/angelverein-verl-suerenheide.de\/index.php?rest_route=\/wp\/v2\/users\/1"}],"replies":[{"embeddable":true,"href":"https:\/\/angelverein-verl-suerenheide.de\/index.php?rest_route=%2Fwp%2Fv2%2Fcomments&post=253"}],"version-history":[{"count":5,"href":"https:\/\/angelverein-verl-suerenheide.de\/index.php?rest_route=\/wp\/v2\/pages\/253\/revisions"}],"predecessor-version":[{"id":659,"href":"https:\/\/angelverein-verl-suerenheide.de\/index.php?rest_route=\/wp\/v2\/pages\/253\/revisions\/659"}],"wp:attachment":[{"href":"https:\/\/angelverein-verl-suerenheide.de\/index.php?rest_route=%2Fwp%2Fv2%2Fmedia&parent=253"}],"curies":[{"name":"wp","href":"https:\/\/api.w.org\/{rel}","templated":true}]}}