{"id":28,"date":"2017-07-04T15:51:07","date_gmt":"2017-07-04T13:51:07","guid":{"rendered":"http:\/\/www.angelverein-verl-suerenheide.de?page_id=28"},"modified":"2026-03-10T17:51:35","modified_gmt":"2026-03-10T15:51:35","slug":"jugend","status":"publish","type":"page","link":"https:\/\/angelverein-verl-suerenheide.de\/?page_id=28","title":{"rendered":"Jugend"},"content":{"rendered":"\n<!--more-->\n\n\n\n<p>Lust auf was Neues?<\/p>\n\n\n\n<h4 class=\"wp-block-heading\">Die Jugendgruppe des Angelvereins Verl-S\u00fcrenheide e.V. hat noch Pl\u00e4tze frei<\/h4>\n\n\n\n<figure class=\"wp-block-image\"><img loading=\"lazy\" decoding=\"async\" width=\"378\" height=\"504\" src=\"http:\/\/angelverein-verl-suerenheide.de\/wp-content\/uploads\/2019\/07\/IMG_3241klein.jpg\" alt=\"\" class=\"wp-image-1226\" srcset=\"https:\/\/angelverein-verl-suerenheide.de\/wp-content\/uploads\/2019\/07\/IMG_3241klein.jpg 378w, https:\/\/angelverein-verl-suerenheide.de\/wp-content\/uploads\/2019\/07\/IMG_3241klein-225x300.jpg 225w\" sizes=\"auto, (max-width: 378px) 100vw, 378px\" \/><\/figure>\n\n\n\n<p><\/p>\n\n\n\n<p>Angeln ist nicht nur f\u00fcr Erwachsene ein tolles Hobby. Auch Kinder und Jugendliche interessieren sich f\u00fcr Tiere und Pflanzen, die im und am Wasser leben. H\u00e4ttest Du z.B. gewusst, dass es im Verler See Hechte gibt, die \u00fcber 1 Meter gro\u00df sind? Dabei ist es egal ob Du besonders sportlich oder doch etwas kr\u00e4ftiger bist. Angeln kann jeder lernen und aus\u00fcben!<br>Wenn Du die Natur magst und achtest, vielleicht auch mal eine ruhige Auszeit von Schule, Handy, Konsole und Co suchst, dann solltest Du mal dar\u00fcber nachdenken Angeln zu lernen. Angeln hat viele Facetten und bietet eigentlich f\u00fcr jeden etwas. Egal ob Spinnangeln, Stippangeln, Grundangeln, Fliegenfischen oder Meeresangeln, jede Methode hat Ihre eigenen Besonderheiten und Methoden, die wir Dir gerne n\u00e4herbringen.<br><strong>Aufwand?<\/strong><br>Jugendangeln l\u00e4sst sich nicht mit Fu\u00dfball, Handball und Co vergleichen. Wir treffen uns nicht 2-3-mal die Woche zum Training und am Wochenende zum Spiel. Nat\u00fcrlich gibt es Gemeinschaftsveranstaltungen wo wir uns \u00fcber Deine Teilnahme freuen, diese sind aber eben nicht verpflichtend. Auch das \u201eLernen\u201c ist individuell und den jeweiligen Bed\u00fcrfnissen und Interessen angepasst.<br><strong>Was muss ich beachten?<\/strong><br>Wenn Du zwischen 10 und 16 Jahre alt bist, ben\u00f6tigst Du zum Angeln mindestens einen Jugendfischereischein, denn gibt es f\u00fcr 8.00 Euro bei der Stadt. Damit darfst Du bei unseren Veranstaltungen und in Begleitung eines Inhabers eines g\u00fcltigen Fischereischeins (ab. 14. Jahre) angeln.<br>Ab dem 13. Lebensjahr kannst Du die staatliche Fischerpr\u00fcfung ablegen. Den Fischereischein f\u00fcr Erwachsene erh\u00e4ltst Du jedoch erst ab deinem 14. Geburtstag.<br>Mit 16 Jahren darfst Du dann nur noch angeln, wenn Du die Fischereipr\u00fcfung bestanden und einen Fischereischein f\u00fcr Erwachsene gel\u00f6st hast.<br><strong>Kosten?<\/strong><br>Erstmal keine! Bevor Du Dir sicher bist, das Angeln was f\u00fcr Dich ist, Bist Du gerne als Gast bei unseren Jugendveranstaltungen gesehen. Auch die n\u00f6tige Ausr\u00fcstung stellen wir Dir dann gerne Leihweise zu Verf\u00fcgung.<br>Wenn Deine Eltern oder Du mehr erfahren wollt, k\u00f6nnt Ihr gerne mit unserem 1. Jugendwart Dennis Johanntoberens Kontakt aufnehmen, Tel.: +49 1514 1374169<\/p>\n\n\n\n<p><\/p>\n\n\n\n<p><strong>\u00a0Pr\u00e4vention sexualisierter Gewalt<\/strong><\/p>\n\n\n\n<p>Der Angelverein Verl-S\u00fcrenheide will ein sicherer Ort f\u00fcr Kinder und Jugendliche sein. Neben einen Schutzkonzept haben alle Mitglieder des Vorstandes eine Selbstverpflichtungserkl\u00e4rung abgegeben und nutzen Weiterbildungsma\u00dfnahmen des Verbandes. <\/p>\n\n\n\n<p>Weitere Informationen und Kontakt zu Ansprechpartnern gibt es beim <em>Landesfischereiverband<\/em>\u00a0Westfalen und Lippe e.V.<\/p>\n\n\n\n<p><a href=\"https:\/\/www.lfv-westfalen.de\/content\/jugend\/kontakt_x.php\">https:\/\/www.lfv-westfalen.de\/content\/jugend\/kontakt_x.php<\/a><\/p>\n\n\n\n<hr class=\"wp-block-separator has-alpha-channel-opacity\"\/>\n\n\n\n<h3 class=\"wp-block-heading\">Willst Du mitmachen oder mehr wissen?<\/h3>\n\n\n\n<h3 class=\"wp-block-heading\">Nimm Kontakt zu unserem Jugendwart auf!<\/h3>\n\n\n\n<div class=\"wpcf7 no-js\" id=\"wpcf7-f80-o1\" lang=\"de-DE\" dir=\"ltr\" data-wpcf7-id=\"80\">\n<div class=\"screen-reader-response\"><p role=\"status\" aria-live=\"polite\" aria-atomic=\"true\"><\/p> <ul><\/ul><\/div>\n<form action=\"\/index.php?rest_route=%2Fwp%2Fv2%2Fpages%2F28#wpcf7-f80-o1\" method=\"post\" class=\"wpcf7-form init wpcf7-acceptance-as-validation\" aria-label=\"Kontaktformular\" novalidate=\"novalidate\" data-status=\"init\">\n<fieldset class=\"hidden-fields-container\"><input type=\"hidden\" name=\"_wpcf7\" value=\"80\" \/><input type=\"hidden\" name=\"_wpcf7_version\" value=\"6.1.5\" \/><input type=\"hidden\" name=\"_wpcf7_locale\" value=\"de_DE\" \/><input type=\"hidden\" name=\"_wpcf7_unit_tag\" value=\"wpcf7-f80-o1\" \/><input type=\"hidden\" name=\"_wpcf7_container_post\" value=\"0\" \/><input type=\"hidden\" name=\"_wpcf7_posted_data_hash\" value=\"\" \/><input type=\"hidden\" name=\"_wpcf7_recaptcha_response\" value=\"\" \/>\n<\/fieldset>\n<p><label> Ihr Name (Pflichtfeld)<br \/>\n<span class=\"wpcf7-form-control-wrap\" data-name=\"your-name\"><input size=\"40\" maxlength=\"400\" class=\"wpcf7-form-control wpcf7-text wpcf7-validates-as-required\" aria-required=\"true\" aria-invalid=\"false\" value=\"\" type=\"text\" name=\"your-name\" \/><\/span> <\/label>\n<\/p>\n<p><label> Ihre E-Mail-Adresse (Pflichtfeld)<br \/>\n<span class=\"wpcf7-form-control-wrap\" data-name=\"your-email\"><input size=\"40\" maxlength=\"400\" class=\"wpcf7-form-control wpcf7-email wpcf7-validates-as-required wpcf7-text wpcf7-validates-as-email\" aria-required=\"true\" aria-invalid=\"false\" value=\"\" type=\"email\" name=\"your-email\" \/><\/span> <\/label>\n<\/p>\n<p><label> Betreff<br \/>\n<span class=\"wpcf7-form-control-wrap\" data-name=\"your-subject\"><input size=\"40\" maxlength=\"400\" class=\"wpcf7-form-control wpcf7-text\" aria-invalid=\"false\" value=\"\" type=\"text\" name=\"your-subject\" \/><\/span> <\/label>\n<\/p>\n<p><label> Ihre Nachricht<br \/>\n<span class=\"wpcf7-form-control-wrap\" data-name=\"your-message\"><textarea cols=\"40\" rows=\"10\" maxlength=\"2000\" class=\"wpcf7-form-control wpcf7-textarea\" aria-invalid=\"false\" name=\"your-message\"><\/textarea><\/span> <\/label>\n<\/p>\n<p><span class=\"wpcf7-form-control-wrap\" data-name=\"acceptance-33\"><span class=\"wpcf7-form-control wpcf7-acceptance\"><span class=\"wpcf7-list-item\"><label><input type=\"checkbox\" name=\"acceptance-33\" value=\"1\" aria-invalid=\"false\" \/><span class=\"wpcf7-list-item-label\">Sie erkl\u00e4ren sich damit einverstanden, da\u00df Ihre Daten zur Bearbeitung Ihres Anliegens verwendet werden.\nWeitere Informationen und Widerrufshinweise finden Sie in der Datenschutzerkl\u00e4rung. \nEine Kopie Ihrer Nachricht wird an Ihre E-Mail-Adresse geschickt.<\/span><\/label><\/span><\/span><\/span>\n<\/p>\n<p><input class=\"wpcf7-form-control wpcf7-submit has-spinner\" type=\"submit\" value=\"Senden\" \/>\n<\/p><div class=\"wpcf7-response-output\" aria-hidden=\"true\"><\/div>\n<\/form>\n<\/div>\n\n\n\n\n<p><\/p>\n","protected":false},"excerpt":{"rendered":"","protected":false},"author":1,"featured_media":0,"parent":0,"menu_order":0,"comment_status":"closed","ping_status":"closed","template":"","meta":{"jetpack_post_was_ever_published":false,"footnotes":""},"class_list":["post-28","page","type-page","status-publish","h-entry","hentry","h-as-page"],"jetpack_sharing_enabled":true,"jetpack_shortlink":"https:\/\/wp.me\/P8Yuus-s","_links":{"self":[{"href":"https:\/\/angelverein-verl-suerenheide.de\/index.php?rest_route=\/wp\/v2\/pages\/28","targetHints":{"allow":["GET"]}}],"collection":[{"href":"https:\/\/angelverein-verl-suerenheide.de\/index.php?rest_route=\/wp\/v2\/pages"}],"about":[{"href":"https:\/\/angelverein-verl-suerenheide.de\/index.php?rest_route=\/wp\/v2\/types\/page"}],"author":[{"embeddable":true,"href":"https:\/\/angelverein-verl-suerenheide.de\/index.php?rest_route=\/wp\/v2\/users\/1"}],"replies":[{"embeddable":true,"href":"https:\/\/angelverein-verl-suerenheide.de\/index.php?rest_route=%2Fwp%2Fv2%2Fcomments&post=28"}],"version-history":[{"count":16,"href":"https:\/\/angelverein-verl-suerenheide.de\/index.php?rest_route=\/wp\/v2\/pages\/28\/revisions"}],"predecessor-version":[{"id":1751,"href":"https:\/\/angelverein-verl-suerenheide.de\/index.php?rest_route=\/wp\/v2\/pages\/28\/revisions\/1751"}],"wp:attachment":[{"href":"https:\/\/angelverein-verl-suerenheide.de\/index.php?rest_route=%2Fwp%2Fv2%2Fmedia&parent=28"}],"curies":[{"name":"wp","href":"https:\/\/api.w.org\/{rel}","templated":true}]}}