{"id":32,"date":"2017-07-04T15:51:07","date_gmt":"2017-07-04T13:51:07","guid":{"rendered":"http:\/\/www.angelverein-verl-suerenheide.de?page_id=32"},"modified":"2026-03-02T17:33:06","modified_gmt":"2026-03-02T15:33:06","slug":"kontakt","status":"publish","type":"page","link":"https:\/\/angelverein-verl-suerenheide.de\/?page_id=32","title":{"rendered":"Kontakt"},"content":{"rendered":"<p>Kontakt<br \/>\n<strong>1. Vorsitzender<\/strong><\/p>\n<p>Christian Bombeck<\/p>\n<p>Anschrift:<\/p>\n<p>Hellweg 109b<\/p>\n<p>33758 Schlo\u00df Holte<\/p>\n<p>Telefon: +49 171 4178928<\/p>\n<p>E-Mail: Vorsitzender@angelverein-verl-suerenheide.de<\/p>\n<p><strong>Gesch\u00e4ftsf\u00fchrer<\/strong><\/p>\n<p>Ralf Lenz<\/p>\n<p>Anschrift:<\/p>\n<p>Bernsteinweg 5<\/p>\n<p>33415 Verl<\/p>\n<p>Telefon: +49 (5246) 83 52 6<\/p>\n<p>E-Mail: Geschaeftsfuehrer@angelverein-verl-suerenheide.de<\/p>\n<p><strong>\u00d6ffnungszeiten Gesch\u00e4ftsstelle:<\/strong><\/p>\n<div class=\"_5aj7 _3-8j\" id=\"u_fetchstream_2_6\">\n<div class=\"_4bl9\">\n<div class=\"_3-8w\">\n<div class=\"text_exposed_root text_exposed\" id=\"id_5a7a14ee660cf8812844279\">\u00d6ffnungszeiten der Gesch\u00e4ftsstelle:<br \/>\nvom 1.02. bis 31.03.:<br \/>\njeder 2. Donnerstag im Monat von 19.00 bis 20.00 Uhr<\/p>\n<\/div>\n<p>vom 1.04. bis 30.11.:<\/p>\n<p>jeder 2. Donnerstag im Monat von 19.30 bis 20.00 Uhr. Die Gesch\u00e4ftsstelle bleibt w\u00e4hrend der Sommerferien geschlossen !<\/p>\n<div class=\"text_exposed_root text_exposed\"><span>Adresse der Gesch\u00e4ftsstelle<\/span><br \/>\n<span>Bonhoefferweg 4<\/span><br \/>\n<span>33415 Verl<\/span>\n<\/div>\n<\/div>\n<\/div>\n<\/div>\n\n<div class=\"wpcf7 no-js\" id=\"wpcf7-f62-o1\" lang=\"de-DE\" dir=\"ltr\" data-wpcf7-id=\"62\">\n<div class=\"screen-reader-response\"><p role=\"status\" aria-live=\"polite\" aria-atomic=\"true\"><\/p> <ul><\/ul><\/div>\n<form action=\"\/index.php?rest_route=%2Fwp%2Fv2%2Fpages%2F32#wpcf7-f62-o1\" method=\"post\" class=\"wpcf7-form init wpcf7-acceptance-as-validation\" aria-label=\"Kontaktformular\" novalidate=\"novalidate\" data-status=\"init\">\n<fieldset class=\"hidden-fields-container\"><input type=\"hidden\" name=\"_wpcf7\" value=\"62\" \/><input type=\"hidden\" name=\"_wpcf7_version\" value=\"6.1.5\" \/><input type=\"hidden\" name=\"_wpcf7_locale\" value=\"de_DE\" \/><input type=\"hidden\" name=\"_wpcf7_unit_tag\" value=\"wpcf7-f62-o1\" \/><input type=\"hidden\" name=\"_wpcf7_container_post\" value=\"0\" \/><input type=\"hidden\" name=\"_wpcf7_posted_data_hash\" value=\"\" \/><input type=\"hidden\" name=\"_wpcf7_recaptcha_response\" value=\"\" \/>\n<\/fieldset>\n<p><label> Ihr Name (Pflichtfeld)<br \/>\n<span class=\"wpcf7-form-control-wrap\" data-name=\"your-name\"><input size=\"40\" maxlength=\"400\" class=\"wpcf7-form-control wpcf7-text wpcf7-validates-as-required\" aria-required=\"true\" aria-invalid=\"false\" value=\"\" type=\"text\" name=\"your-name\" \/><\/span> <\/label>\n<\/p>\n<p><label> Ihre E-Mail-Adresse (Pflichtfeld)<br \/>\n<span class=\"wpcf7-form-control-wrap\" data-name=\"your-email\"><input size=\"40\" maxlength=\"400\" class=\"wpcf7-form-control wpcf7-email wpcf7-validates-as-required wpcf7-text wpcf7-validates-as-email\" aria-required=\"true\" aria-invalid=\"false\" value=\"\" type=\"email\" name=\"your-email\" \/><\/span> <\/label>\n<\/p>\n<p><label> Betreff<br \/>\n<span class=\"wpcf7-form-control-wrap\" data-name=\"your-subject\"><input size=\"40\" maxlength=\"400\" class=\"wpcf7-form-control wpcf7-text\" aria-invalid=\"false\" value=\"\" type=\"text\" name=\"your-subject\" \/><\/span> <\/label>\n<\/p>\n<p><label> Ihre Nachricht<br \/>\n<span class=\"wpcf7-form-control-wrap\" data-name=\"your-message\"><textarea cols=\"40\" rows=\"10\" maxlength=\"2000\" class=\"wpcf7-form-control wpcf7-textarea\" aria-invalid=\"false\" name=\"your-message\"><\/textarea><\/span> <\/label>\n<\/p>\n<p><span class=\"wpcf7-form-control-wrap\" data-name=\"acceptance-870\"><span class=\"wpcf7-form-control wpcf7-acceptance\"><span class=\"wpcf7-list-item\"><label><input type=\"checkbox\" name=\"acceptance-870\" value=\"1\" aria-invalid=\"false\" \/><span class=\"wpcf7-list-item-label\">Sie erkl\u00e4ren sich damit einverstanden, da\u00df Ihre Daten zur Bearbeitung Ihres Anliegens verwendet werden.\nWeitere Informationen und Widerrufshinweise finden Sie in der Datenschutzerkl\u00e4rung. \nEine Kopie Ihrer Nachricht wird an Ihre E-Mail-Adresse geschickt.<\/span><\/label><\/span><\/span><\/span>\n<\/p>\n<p><input class=\"wpcf7-form-control wpcf7-submit has-spinner\" type=\"submit\" value=\"Senden\" \/>\n<\/p><div class=\"wpcf7-response-output\" aria-hidden=\"true\"><\/div>\n<\/form>\n<\/div>\n\n","protected":false},"excerpt":{"rendered":"<p>Kontakt 1. Vorsitzender Christian Bombeck Anschrift: Hellweg 109b 33758 Schlo\u00df Holte Telefon: +49 171 4178928 E-Mail: Vorsitzender@angelverein-verl-suerenheide.de Gesch\u00e4ftsf\u00fchrer Ralf Lenz Anschrift: Bernsteinweg 5 33415 Verl Telefon: +49 (5246) 83 52 6 E-Mail: Geschaeftsfuehrer@angelverein-verl-suerenheide.de \u00d6ffnungszeiten Gesch\u00e4ftsstelle: \u00d6ffnungszeiten der Gesch\u00e4ftsstelle: vom 1.02. bis 31.03.: jeder 2. Donnerstag im Monat von 19.00 bis 20.00 Uhr vom 1.04. bis <a href=\"https:\/\/angelverein-verl-suerenheide.de\/?page_id=32\" class=\"more-link\">...weiterlesen<span class=\"screen-reader-text\"> \"Kontakt\"<\/span><\/a><\/p>\n","protected":false},"author":1,"featured_media":0,"parent":0,"menu_order":0,"comment_status":"closed","ping_status":"closed","template":"","meta":{"jetpack_post_was_ever_published":false,"footnotes":""},"class_list":["post-32","page","type-page","status-publish","h-entry","hentry","h-as-page"],"jetpack_sharing_enabled":true,"jetpack_shortlink":"https:\/\/wp.me\/P8Yuus-w","_links":{"self":[{"href":"https:\/\/angelverein-verl-suerenheide.de\/index.php?rest_route=\/wp\/v2\/pages\/32","targetHints":{"allow":["GET"]}}],"collection":[{"href":"https:\/\/angelverein-verl-suerenheide.de\/index.php?rest_route=\/wp\/v2\/pages"}],"about":[{"href":"https:\/\/angelverein-verl-suerenheide.de\/index.php?rest_route=\/wp\/v2\/types\/page"}],"author":[{"embeddable":true,"href":"https:\/\/angelverein-verl-suerenheide.de\/index.php?rest_route=\/wp\/v2\/users\/1"}],"replies":[{"embeddable":true,"href":"https:\/\/angelverein-verl-suerenheide.de\/index.php?rest_route=%2Fwp%2Fv2%2Fcomments&post=32"}],"version-history":[{"count":12,"href":"https:\/\/angelverein-verl-suerenheide.de\/index.php?rest_route=\/wp\/v2\/pages\/32\/revisions"}],"predecessor-version":[{"id":1741,"href":"https:\/\/angelverein-verl-suerenheide.de\/index.php?rest_route=\/wp\/v2\/pages\/32\/revisions\/1741"}],"wp:attachment":[{"href":"https:\/\/angelverein-verl-suerenheide.de\/index.php?rest_route=%2Fwp%2Fv2%2Fmedia&parent=32"}],"curies":[{"name":"wp","href":"https:\/\/api.w.org\/{rel}","templated":true}]}}