{"id":428,"date":"2017-11-29T14:14:50","date_gmt":"2017-11-29T12:14:50","guid":{"rendered":"http:\/\/www.angelverein-verl-suerenheide.de?page_id=428"},"modified":"2024-01-04T22:16:30","modified_gmt":"2024-01-04T20:16:30","slug":"wie-werde-ich-angler","status":"publish","type":"page","link":"https:\/\/angelverein-verl-suerenheide.de\/?page_id=428","title":{"rendered":"Wie werde ich Angler?"},"content":{"rendered":"<p>In Deutschland ist der Weg zum Angler nicht einheitlich geregelt, jedes Bundesland hat eigene Bestimmungen und Gesetze, dazu kommen die Satzungen und Gew\u00e4sserordnungen der Verb\u00e4nde, Vereine, sowie Vorgaben der Besitzer und P\u00e4chter der Gew\u00e4sser.<\/p>\n<p>Bei uns in NRW sieht es grob so aus:<\/p>\n<p>1. Kinderangeln<br \/>\nF\u00fcr Kinder bis zum 10. Geburtstag gibt es die M\u00f6glichkeit, bei einem erwachsenden Fischereischeininhaber \u201emitzuangeln\u201c.<br \/>\nDie Kleinen k\u00f6nnen also mit Papa oder Opa ans Wasser gehen und d\u00fcrfen mit deren Ausr\u00fcstung angeln und Fische fangen.<br \/>\nNur beim Abhaken, Bet\u00e4uben und T\u00f6ten sollten die Erwachsenen einschreiten, damit der Fisch nicht unn\u00f6tig leiden muss.<\/p>\n<p>2. Jugendfischereischein<br \/>\nAb dem 10. Geburtstag k\u00f6nnen Kinder und Jugendliche bei der Stadt oder Gemeinde einen Jugendfischereischein l\u00f6sen.<br \/>\nDieser ist nur in Begleitung eines Fischereischeininhabers (der \u00fcbrigens nicht vollj\u00e4hrig sein muss) g\u00fcltig.<br \/>\nDer Jugendfischereischein berechtigt zum F\u00fchren eigener Angelruten und zum Versorgen des Fangs unter Aufsicht des Begleiters.<br \/>\nMit einem Jugendfischereischein darf man nur bis zum 16. Geburtstag angeln. \u00c4hnliches gilt beim Sonderfischereischein f\u00fcr Behinderte, der jedoch keine Altersbegrenzung aufweist.<\/p>\n<p>Mehr Informationen zur Jugendarbeit unter:&nbsp;<a href=\"http:\/\/www.angelverein-verl-suerenheide.de\/?page_id=28\">Jugend<\/a><\/p>\n<p>3. Fischereischein<br \/>\nEinen Fischereischein bekommt man bei der Stadt oder Gemeinde gegen Vorlage des Zeugnisses \u00fcber die bestandene Fischerpr\u00fcfung fr\u00fchestens ab dem 14. Geburtstag.<br \/>\nDieser wird als 1-Jahres- oder als 5-Jahres-Fischereischein ausgestellt. Er ist beim Kauf von Erlaubnisscheinen vorzuzeigen und beim Angeln immer mitzuf\u00fchren.<\/p>\n<p>4. Fischerpr\u00fcfung \u2013 schriftlicher Teil<br \/>\nDas Bestehen der Fischerpr\u00fcfung ist Voraussetzung f\u00fcr die Erteilung eines Fischereischeins.<br \/>\nF\u00fcr die Vorbereitung ist der Besuch eines Lehrgangs, der von vielen Fischereivereinen angeboten wird, dringend zu empfehlen.<br \/>\nAuch wir veranstalten regelm\u00e4ssig Vorbereitunskurse.<br \/>\nIm schriftlichen Teil der Pr\u00fcfung m\u00fcssen 60 Fragen aus 6 Fachgebieten beantwortet werden.<\/p>\n<p>5. Fischerpr\u00fcfung \u2013 praktischer Teil<br \/>\nHierbei muss eine vorgegebene Angelrute inkl. Montage zusammengebaut bzw. zusammengelegt werden.<br \/>\nInsgesamt stehen 10 Aufgaben f\u00fcr verschiedene Angeltypen und Fischarten zur Auswahl.<br \/>\nAu\u00dfer Angelrute, Angelrolle, Schnur, Haken, K\u00f6der etc. ist unbedingt auch das Zubeh\u00f6r wie Kescher, Schlagholz, Messer etc. hinzuzuf\u00fcgen, damit der gefangene Fisch waidgerecht versorgt werden kann.<\/p>\n<p>6. Fischerpr\u00fcfung \u2013 Fischartenerkennung<br \/>\nZur praktischen Pr\u00fcfung z\u00e4hlt auch die Fischartenerkennung. Dazu m\u00fcssen insgesamt 44 Fischarten auf Bildtafeln unterschieden werden.<br \/>\nDieser Pr\u00fcfungsteil gilt als bestanden, wenn von 6 vorgelegten Bildern 4 zutreffend benannt werden k\u00f6nnen. Im Anschluss an die erfolgreich bestandene Pr\u00fcfung erh\u00e4lt man ein Zeugnis.<\/p>\n<p>7. Erlaubnisschein<br \/>\nDer letzte Schritt zum Angeln ist der Erwerb eines Erlaubnisscheins. Da die meisten Gew\u00e4sser von einem Fischereiverein bewirtschaftet werden, muss man eine Erlaubnis kaufen, um dort zu fischen.<br \/>\nDiese gibt es meistens als Tages-, Wochen- oder Jahresscheine. Der Fischereischein muss dazu vorgezeigt werden. An wen man sich wenden muss, kann bei den Anglern vor Ort oder in einem nahe gelegenen Angelgesch\u00e4ft erfragt werden.<\/p>\n<p>8. Vereinsmitgliedschaft<br \/>\nAm preiswertesten und erfolgreichsten fischt man als Vereinsmitglied.<br \/>\nAuch wir nehmen regelm\u00e4\u00dfig neue Mitglieder auf, die ben\u00f6tigen Formulare und Informationen findet Ihr unter:&nbsp;<a href=\"http:\/\/www.angelverein-verl-suerenheide.de\/?page_id=34\">Downloads<\/a><\/p>\n<p>Mehr zu unseren Gew\u00e4ssern unter:&nbsp;<a href=\"http:\/\/www.angelverein-verl-suerenheide.de\/?page_id=30\">Gew\u00e4sser<\/a><\/p>\n<p>Hier noch ein Video mit den Grundlagen:<\/p>\n<p><a href=\"https:\/\/youtu.be\/Sn5v-TU-F3c\">Angeln f\u00fcr Einsteiger<\/a><\/p>\n<p><strong>Schnupperangeln<\/strong><\/p>\n<p>(<a href=\"https:\/\/www.lfv-westfalen.de\/images\/pdf\/rderl_schnupperangeln_2017-11-23.pdf?m=1513846250&amp;\" target=\"_blank\" rel=\"noopener noreferrer\">Runderlass zum \"Schnupperangeln\" f\u00fcr Erwachsene vom 23.11.2017<\/a>)<\/p>\n<p>A.<br \/>\nPersonen ohne Fischereischein k\u00f6nnen jederzeit einen<br \/>\nFischereiberechtigten, einen Fischereip\u00e4chter oder einen von diesen<br \/>\nbeauftragten Inhaber eines Fischereischeines bei der Aus\u00fcbung des<br \/>\nFischfangs unterst\u00fctzen, es sei denn, sie \u00fcben den Fischfang mit der<br \/>\nHandangel oder mit Ger\u00e4ten zum Fang von K\u00f6derfischen aus (\u00a7 31<br \/>\nAbsatz 2 Buchstabe a LFischG).<\/p>\n<p>B.<br \/>\nEin Fischfang mit der Handangel kann nur geduldet werden, wenn<br \/>\nPersonen ohne Fischereischein im Rahmen einer Veranstaltung zum<br \/>\nsog. \"Schnupperangeln\" an die Aus\u00fcbung der Fischerei unter den<br \/>\nnachfolgenden Voraussetzungen herangef\u00fchrt werden:<\/p>\n<p>1. Der Veranstalter des \"Schnupperangelns\" ist ein Fischereiverband.<br \/>\nDie Veranstaltungen werden beim Fischereiverband NRW angezeigt.<\/p>\n<p>2. Bei dem \"Schnupperangeln\" handelt es sich um eine<br \/>\nein- bis maximal zweit\u00e4gige Veranstaltung.<\/p>\n<p>3. Die Personen ohne Fischereischein stehen w\u00e4hrend des<br \/>\n\"Schnupperangelns\" unter unmittelbarer Aufsicht und Einwirkung eines<br \/>\nerwachsenen Fischereischeininhabers, der f\u00fcr die Einhaltung der<br \/>\ngeltenden Vorschriften verantwortlich ist.<\/p>\n<p>4. Tierschutzrelevante Vorg\u00e4nge, wie die Auswahl des Angelger\u00e4tes<br \/>\nsowie das Abhaken und T\u00f6ten der gefangenen Fische, werden<br \/>\nausschlie\u00dflich von den Fischereischeininhabern durchgef\u00fchrt.<\/p>\n<p>5. Beim Schnupperangeln darf kein eigenes oder mitgebrachtes<br \/>\nFischereiger\u00e4t verwendet werden.<\/p>\n","protected":false},"excerpt":{"rendered":"<p>In Deutschland ist der Weg zum Angler nicht einheitlich geregelt, jedes Bundesland hat eigene Bestimmungen und Gesetze, dazu kommen die Satzungen und Gew\u00e4sserordnungen der Verb\u00e4nde, Vereine, sowie Vorgaben der Besitzer und P\u00e4chter der Gew\u00e4sser. Bei uns in NRW sieht es grob so aus: 1. Kinderangeln F\u00fcr Kinder bis zum 10. Geburtstag gibt es die M\u00f6glichkeit, <a href=\"https:\/\/angelverein-verl-suerenheide.de\/?page_id=428\" class=\"more-link\">...weiterlesen<span class=\"screen-reader-text\"> \"Wie werde ich Angler?\"<\/span><\/a><\/p>\n","protected":false},"author":4,"featured_media":0,"parent":0,"menu_order":0,"comment_status":"closed","ping_status":"closed","template":"","meta":{"jetpack_post_was_ever_published":false,"footnotes":""},"class_list":["post-428","page","type-page","status-publish","h-entry","hentry","h-as-page"],"jetpack_sharing_enabled":true,"jetpack_shortlink":"https:\/\/wp.me\/P8Yuus-6U","_links":{"self":[{"href":"https:\/\/angelverein-verl-suerenheide.de\/index.php?rest_route=\/wp\/v2\/pages\/428","targetHints":{"allow":["GET"]}}],"collection":[{"href":"https:\/\/angelverein-verl-suerenheide.de\/index.php?rest_route=\/wp\/v2\/pages"}],"about":[{"href":"https:\/\/angelverein-verl-suerenheide.de\/index.php?rest_route=\/wp\/v2\/types\/page"}],"author":[{"embeddable":true,"href":"https:\/\/angelverein-verl-suerenheide.de\/index.php?rest_route=\/wp\/v2\/users\/4"}],"replies":[{"embeddable":true,"href":"https:\/\/angelverein-verl-suerenheide.de\/index.php?rest_route=%2Fwp%2Fv2%2Fcomments&post=428"}],"version-history":[{"count":9,"href":"https:\/\/angelverein-verl-suerenheide.de\/index.php?rest_route=\/wp\/v2\/pages\/428\/revisions"}],"predecessor-version":[{"id":1663,"href":"https:\/\/angelverein-verl-suerenheide.de\/index.php?rest_route=\/wp\/v2\/pages\/428\/revisions\/1663"}],"wp:attachment":[{"href":"https:\/\/angelverein-verl-suerenheide.de\/index.php?rest_route=%2Fwp%2Fv2%2Fmedia&parent=428"}],"curies":[{"name":"wp","href":"https:\/\/api.w.org\/{rel}","templated":true}]}}