{"id":562,"date":"2018-02-06T23:50:19","date_gmt":"2018-02-06T21:50:19","guid":{"rendered":"http:\/\/angelverein-verl-suerenheide.de\/?page_id=562"},"modified":"2024-02-05T18:17:44","modified_gmt":"2024-02-05T16:17:44","slug":"faq-hilfe","status":"publish","type":"page","link":"https:\/\/angelverein-verl-suerenheide.de\/?page_id=562","title":{"rendered":"FAQ \/ Hilfe"},"content":{"rendered":"<p>Hier findet Ihr Antworten zu h\u00e4ufigen Fragen:<\/p>\n<ul>\n<li>\u00c4nderung Bankverbindung:<\/li>\n<\/ul>\n<p>Bitte die neue Bankverbindung f\u00fcr die Lastschrift der Beitr\u00e4ge dem 1. Kassierer mitteilen<\/p>\n<p>Kassierer@angelverein-verl-suerenheide.de<\/p>\n<ul>\n<li>\u00d6ffnungszeiten Gesch\u00e4ftsstelle<\/li>\n<\/ul>\n<p>\u00d6ffnungszeiten der Gesch\u00e4ftsstelle:<br \/>\nvom 1.02. bis 31.03.:<br \/>\njeder 1. Donnerstag im Monat von 18.00 bis 19.30<\/p>\n<p>vom 1.04. bis 30.11.:<br \/>\njeder 1. Donnerstag im Monat von 19.30 bis 20.00<\/p>\n<p>Die Gesch\u00e4ftsstelle bleibt w\u00e4hrend der Sommerferien geschlossen !<\/p>\n<p>Adresse der Gesch\u00e4ftsstelle<br \/>\nBonhoefferweg 4<br \/>\n33415 Verl<\/p>\n<ul>\n<li>Fragen zu den Gew\u00e4ssern und Arbeitsdiensten:<\/li>\n<\/ul>\n<p>Spezielle Fragen zu den Gew\u00e4ssern und Arbeitsdiensten bitte an:<\/p>\n<p>Gewaesserwart@angelverein-verl-suerenheide.de<\/p>\n<ul>\n<li>Verl\u00e4ngerung Angelpapiere<\/li>\n<\/ul>\n<p>Wer seine Papiere nicht auf der JHV verl\u00e4ngert hat, kann die Papiere w\u00e4hrend der \u00d6ffnungszeiten der Gesch\u00e4ftsstelle verl\u00e4ngern<\/p>\n<ul>\n<li>Tageskarten \/ Gastkarten<\/li>\n<\/ul>\n<p>F\u00fcr die Gew\u00e4sser des Angelvereins Verl - S\u00fcrenheide (einschlie\u00dflich Verler See) gibt es leider keine Gastkarten \/ Tageskarten.<\/p>\n<p>F\u00fcr andere Gew\u00e4sser in der Region gibt es Karten bei\u00a0Angelsport Kleinegreber und <a href=\"https:\/\/www.angelgeraete-wilkerling.de\/\" target=\"_blank\" rel=\"noopener\">Angelger\u00e4te Wilkerling<\/a><\/p>\n<p>oder als Alternative die <a href=\"http:\/\/www.raeucherei-ems.de\/1_ueber-uns.html\" target=\"_blank\" rel=\"noopener\">Forellenfarm in der Emsquellaue<\/a><\/p>\n","protected":false},"excerpt":{"rendered":"<p>Hier findet Ihr Antworten zu h\u00e4ufigen Fragen: \u00c4nderung Bankverbindung: Bitte die neue Bankverbindung f\u00fcr die Lastschrift der Beitr\u00e4ge dem 1. Kassierer mitteilen Kassierer@angelverein-verl-suerenheide.de \u00d6ffnungszeiten Gesch\u00e4ftsstelle \u00d6ffnungszeiten der Gesch\u00e4ftsstelle: vom 1.02. bis 31.03.: jeder 1. Donnerstag im Monat von 18.00 bis 19.30 vom 1.04. bis 30.11.: jeder 1. Donnerstag im Monat von 19.30 bis 20.00 Die <a href=\"https:\/\/angelverein-verl-suerenheide.de\/?page_id=562\" class=\"more-link\">...weiterlesen<span class=\"screen-reader-text\"> \"FAQ \/ Hilfe\"<\/span><\/a><\/p>\n","protected":false},"author":1,"featured_media":0,"parent":0,"menu_order":0,"comment_status":"closed","ping_status":"closed","template":"","meta":{"jetpack_post_was_ever_published":false,"footnotes":""},"class_list":["post-562","page","type-page","status-publish","h-entry","hentry","h-as-page"],"jetpack_sharing_enabled":true,"jetpack_shortlink":"https:\/\/wp.me\/P8Yuus-94","_links":{"self":[{"href":"https:\/\/angelverein-verl-suerenheide.de\/index.php?rest_route=\/wp\/v2\/pages\/562","targetHints":{"allow":["GET"]}}],"collection":[{"href":"https:\/\/angelverein-verl-suerenheide.de\/index.php?rest_route=\/wp\/v2\/pages"}],"about":[{"href":"https:\/\/angelverein-verl-suerenheide.de\/index.php?rest_route=\/wp\/v2\/types\/page"}],"author":[{"embeddable":true,"href":"https:\/\/angelverein-verl-suerenheide.de\/index.php?rest_route=\/wp\/v2\/users\/1"}],"replies":[{"embeddable":true,"href":"https:\/\/angelverein-verl-suerenheide.de\/index.php?rest_route=%2Fwp%2Fv2%2Fcomments&post=562"}],"version-history":[{"count":6,"href":"https:\/\/angelverein-verl-suerenheide.de\/index.php?rest_route=\/wp\/v2\/pages\/562\/revisions"}],"predecessor-version":[{"id":1674,"href":"https:\/\/angelverein-verl-suerenheide.de\/index.php?rest_route=\/wp\/v2\/pages\/562\/revisions\/1674"}],"wp:attachment":[{"href":"https:\/\/angelverein-verl-suerenheide.de\/index.php?rest_route=%2Fwp%2Fv2%2Fmedia&parent=562"}],"curies":[{"name":"wp","href":"https:\/\/api.w.org\/{rel}","templated":true}]}}