{"id":647,"date":"2018-04-24T17:07:44","date_gmt":"2018-04-24T15:07:44","guid":{"rendered":"http:\/\/angelverein-verl-suerenheide.de\/?page_id=647"},"modified":"2021-01-07T21:50:02","modified_gmt":"2021-01-07T19:50:02","slug":"mitglied-werden","status":"publish","type":"page","link":"https:\/\/angelverein-verl-suerenheide.de\/?page_id=647","title":{"rendered":"Mitglied werden!"},"content":{"rendered":"<p>Wir freuen uns immer \u00fcber neue und engagierte Mitglieder!<\/p>\n<ul>\n<li>Jugendliche werden in der Regel zeitnah aufgenommen<\/li>\n<li>Erwachsene m\u00fcssen zur Zeit leider auf eine Warteliste, der Verein ist in den vergangen Jahren wieder stark gewachsen und kann daher eine zeitnahe Aufnahme nicht garantieren<\/li>\n<\/ul>\n<p>Folgende Unterlagen ben\u00f6tigen wir f\u00fcr eine Bearbeitung:<\/p>\n<ul>\n<li>vollst\u00e4ndig ausgef\u00fclltem und lesbarem Aufnahmeantrag sowie SEPA-Lastschriftmandat<\/li>\n<li>Vorlage aller erforderlichen Papiere (1 aktuelles Passbild, Kopie des Pr\u00fcfungsausweises, Kopie des g\u00fcltigen Fischerei- oder Jugendfischereischeines)<\/li>\n<li>Entrichtung einer Bearbeitungskaution von 20,00 \u20ac (ist dem Antrag in bar beizuf\u00fcgen), die bei Eintritt in den Verein verrechnet wird<\/li>\n<\/ul>\n\n<div class='w3eden'><!-- WPDM Link Template: Default Template -->\n\n<div class=\"link-template-default card mb-2\">\n    <div class=\"card-body\">\n        <div class=\"media\">\n            <div class=\"mr-3 img-48\"><img decoding=\"async\" class=\"wpdm_icon\" alt=\"Icon\" src=\"https:\/\/angelverein-verl-suerenheide.de\/wp-content\/plugins\/download-manager\/assets\/file-type-icons\/pdf.svg\" \/><\/div>\n            <div class=\"media-body\">\n                <h3 class=\"package-title\"><a href='https:\/\/angelverein-verl-suerenheide.de\/?wpdmpro=aufnahmeantrag'>Aufnahmeantrag Stand: 03\/2022<\/a><\/h3>\n                <div class=\"text-muted text-small\"><i class=\"fas fa-copy\"><\/i> 1 Datei(en) <i class=\"fas fa-hdd ml-3\"><\/i> 325.89 KB<\/div>\n            <\/div>\n            <div class=\"ml-3\">\n                <a class='wpdm-download-link download-on-click btn btn-primary ' rel='nofollow' href='#' data-downloadurl=\"https:\/\/angelverein-verl-suerenheide.de\/?wpdmpro=aufnahmeantrag&wpdmdl=155&refresh=69e4cb4256ba21776601922\">Download<\/a>\n            <\/div>\n        <\/div>\n    <\/div>\n<\/div>\n\n<\/div>\n<div class='w3eden'><!-- WPDM Link Template: Default Template -->\n\n<div class=\"link-template-default card mb-2\">\n    <div class=\"card-body\">\n        <div class=\"media\">\n            <div class=\"mr-3 img-48\"><img decoding=\"async\" class=\"wpdm_icon\" alt=\"Icon\" src=\"https:\/\/angelverein-verl-suerenheide.de\/wp-content\/plugins\/download-manager\/assets\/file-type-icons\/pdf.svg\" \/><\/div>\n            <div class=\"media-body\">\n                <h3 class=\"package-title\"><a href='https:\/\/angelverein-verl-suerenheide.de\/?wpdmpro=sepa-lastschriftmandat'>Sepa Lastschriftmandat<\/a><\/h3>\n                <div class=\"text-muted text-small\"><i class=\"fas fa-copy\"><\/i> 1 Datei(en) <i class=\"fas fa-hdd ml-3\"><\/i> 122.13 KB<\/div>\n            <\/div>\n            <div class=\"ml-3\">\n                <a class='wpdm-download-link download-on-click btn btn-primary ' rel='nofollow' href='#' data-downloadurl=\"https:\/\/angelverein-verl-suerenheide.de\/?wpdmpro=sepa-lastschriftmandat&wpdmdl=157&refresh=69e4cb425c3ad1776601922\">Download<\/a>\n            <\/div>\n        <\/div>\n    <\/div>\n<\/div>\n\n<\/div>\n<p>Adresse f\u00fcr die Unterlagen:<\/p>\n<p>Angelverein Verl \u2013 S\u00fcrenheide e.V.<br \/>\nHellweg 109b<br \/>\n33758 Schlo\u00df Holte-Stukenbrock<\/p>\n","protected":false},"excerpt":{"rendered":"<p>Wir freuen uns immer \u00fcber neue und engagierte Mitglieder! Jugendliche werden in der Regel zeitnah aufgenommen Erwachsene m\u00fcssen zur Zeit leider auf eine Warteliste, der Verein ist in den vergangen Jahren wieder stark gewachsen und kann daher eine zeitnahe Aufnahme nicht garantieren Folgende Unterlagen ben\u00f6tigen wir f\u00fcr eine Bearbeitung: vollst\u00e4ndig ausgef\u00fclltem und lesbarem Aufnahmeantrag sowie <a href=\"https:\/\/angelverein-verl-suerenheide.de\/?page_id=647\" class=\"more-link\">...weiterlesen<span class=\"screen-reader-text\"> \"Mitglied werden!\"<\/span><\/a><\/p>\n","protected":false},"author":1,"featured_media":0,"parent":0,"menu_order":0,"comment_status":"closed","ping_status":"closed","template":"","meta":{"jetpack_post_was_ever_published":false,"footnotes":""},"class_list":["post-647","page","type-page","status-publish","h-entry","hentry","h-as-page"],"jetpack_sharing_enabled":true,"jetpack_shortlink":"https:\/\/wp.me\/P8Yuus-ar","_links":{"self":[{"href":"https:\/\/angelverein-verl-suerenheide.de\/index.php?rest_route=\/wp\/v2\/pages\/647","targetHints":{"allow":["GET"]}}],"collection":[{"href":"https:\/\/angelverein-verl-suerenheide.de\/index.php?rest_route=\/wp\/v2\/pages"}],"about":[{"href":"https:\/\/angelverein-verl-suerenheide.de\/index.php?rest_route=\/wp\/v2\/types\/page"}],"author":[{"embeddable":true,"href":"https:\/\/angelverein-verl-suerenheide.de\/index.php?rest_route=\/wp\/v2\/users\/1"}],"replies":[{"embeddable":true,"href":"https:\/\/angelverein-verl-suerenheide.de\/index.php?rest_route=%2Fwp%2Fv2%2Fcomments&post=647"}],"version-history":[{"count":7,"href":"https:\/\/angelverein-verl-suerenheide.de\/index.php?rest_route=\/wp\/v2\/pages\/647\/revisions"}],"predecessor-version":[{"id":1488,"href":"https:\/\/angelverein-verl-suerenheide.de\/index.php?rest_route=\/wp\/v2\/pages\/647\/revisions\/1488"}],"wp:attachment":[{"href":"https:\/\/angelverein-verl-suerenheide.de\/index.php?rest_route=%2Fwp%2Fv2%2Fmedia&parent=647"}],"curies":[{"name":"wp","href":"https:\/\/api.w.org\/{rel}","templated":true}]}}