{"id":722,"date":"2018-06-28T12:30:10","date_gmt":"2018-06-28T10:30:10","guid":{"rendered":"http:\/\/angelverein-verl-suerenheide.de\/?page_id=722"},"modified":"2025-12-17T19:20:22","modified_gmt":"2025-12-17T17:20:22","slug":"lehrgang-sportfischerpruefung","status":"publish","type":"page","link":"https:\/\/angelverein-verl-suerenheide.de\/?page_id=722","title":{"rendered":"Lehrgang &#8222;Sportfischerpr\u00fcfung&#8220;"},"content":{"rendered":"<p>Das erfolgreiche Ablegen einer Fischerpr\u00fcfung ist in Nordrhein-Westfalen (NRW) Voraussetzung f\u00fcr die Erlangung eines Fischereischeines.<br \/>\nDie Fischerpr\u00fcfung ist bei der f\u00fcr Ihren Wohnsitz zust\u00e4ndigen Unteren Fischereibeh\u00f6rde abzulegen (das sind in NRW die Kreise bzw. kreisfreien St\u00e4dte).<br \/>\nDie Fischerpr\u00fcfung wird im Kreis G\u00fctersloh im Geb\u00e4ude der Kreisverwaltung G\u00fctersloh abgenommen.<\/p>\n<p>Zur Ablegung der Pr\u00fcfung bei einer anderen Fischereibeh\u00f6rde ben\u00f6tigen Sie eine schriftliche Ausnahmegenehmigung der f\u00fcr Ihren Wohnsitz zust\u00e4ndigen Unteren Fischereibeh\u00f6rde.<\/p>\n<p>Im Kreis G\u00fctersloh werden j\u00e4hrlich zwei Fischerpr\u00fcfungen (jeweils im Fr\u00fchjahr und im Herbst) durchgef\u00fchrt.<\/p>\n<p>Zu den jeweilen Pr\u00fcfungsterminen im Fr\u00fchjahr und Herbst bietet der Angelverein Verl-S\u00fcrenheide e.V. Vorbereitungskurse an.<\/p>\n<p>Der Lehrgang wird nach den gesetzlichen Bestimmungen mit den original Unterlagen und Ger\u00e4ten der Pr\u00fcfung \"Sportfischerpr\u00fcfung\" durchgef\u00fchrt.<\/p>\n<p>Kosten:<\/p>\n<p>Erwachsene: 95,00 Euro + ca. 50 Euro Pr\u00fcfungsgeb\u00fchr<\/p>\n<p>Jugendliche: 75,00 Euro + ca. 50 Euro Pr\u00fcfungsgeb\u00fchr<\/p>\n<p>Der Kurs findet 5 mal, jeweils Samstags von 09:00 Uhr bis 13 Uhr statt.<\/p>\n<p>Der n\u00e4chste Kurs startet am 21. Februar 2026 in der Gesch\u00e4ftsstelle Verl, Bonhoefferweg 4, 33415 Verl und wird durch Christian Bombeck durchgef\u00fchrt.<\/p>\n<p>Anmelden k\u00f6nnen Sie sich direkt bei Christian Bombeck<\/p>\n<p><a href=\"https:\/\/angelverein-verl-suerenheide.de\/?page_id=32\" target=\"_blank\" rel=\"noopener noreferrer\">Kontakt<\/a><\/p>\n<p>Der theoretische Teil der Fischerpr\u00fcfung besteht in Nordrhein-Westfalen aus 60 schriftlichen Fragen aus den 6 Themengebieten:<\/p>\n<p>A. Allgemeine Fischkunde (hierzu z\u00e4hlen Kenntnisse zu K\u00f6rperbau und Lebensweise der einheimischen Fische sowie Fischkrankheiten),<br \/>\nB. Spezielle Fischkunde (umfasst Artenkenntnis sowie Schonzeiten und -ma\u00dfe),<br \/>\nC. Gew\u00e4sserkunde und Fischhege,<br \/>\nD. Natur- und Tierschutz,<br \/>\nE. Ger\u00e4tekunde,<br \/>\nF. Gesetzeskunde.<br \/>\nDas Bestehen des theoretischen Pr\u00fcfungsteils ist Voraussetzung zur Zulassung zum praktischen Teil. Hier muss der Pr\u00fcfling im ersten Teil anhand von 49 Bildtafeln der einheimischen Fische, Neunaugen und Krebse eine ausreichende Artenkenntnis nachweisen, im zweiten Teil hat er aus 10 unterschiedlichen Aufgabenstellungen ein bestimmtes Angelger\u00e4t f\u00fcr den Fischfang waidgerecht zusammenzubauen und das weitere notwendige Zubeh\u00f6r hinzuzuf\u00fcgen.<\/p>\n<p>Die bestandene Fischerpr\u00fcfung gilt lebenslang. Die Vorlage des Fischerpr\u00fcfungszeugnisses ist Voraussetzung f\u00fcr die Beantragung eines Fischereischeins bei der Unteren Fischereibeh\u00f6rde oder Gemeinde-\/Stadtverwaltung.<\/p>\n<p>Hier gibt es n\u00e4here Information zu den Geb\u00fchren und Bestimmungen:<\/p>\n<p><a href=\"https:\/\/service.kreis-guetersloh.de\/dienstleistungen\/-\/egov-bis-detail\/dienstleistung\/756\/show\" target=\"_blank\" rel=\"noopener noreferrer\">Kreis G\u00fctersloh<\/a><\/p>\n","protected":false},"excerpt":{"rendered":"<p>Das erfolgreiche Ablegen einer Fischerpr\u00fcfung ist in Nordrhein-Westfalen (NRW) Voraussetzung f\u00fcr die Erlangung eines Fischereischeines. Die Fischerpr\u00fcfung ist bei der f\u00fcr Ihren Wohnsitz zust\u00e4ndigen Unteren Fischereibeh\u00f6rde abzulegen (das sind in NRW die Kreise bzw. kreisfreien St\u00e4dte). Die Fischerpr\u00fcfung wird im Kreis G\u00fctersloh im Geb\u00e4ude der Kreisverwaltung G\u00fctersloh abgenommen. Zur Ablegung der Pr\u00fcfung bei einer anderen <a href=\"https:\/\/angelverein-verl-suerenheide.de\/?page_id=722\" class=\"more-link\">...weiterlesen<span class=\"screen-reader-text\"> \"Lehrgang &#8222;Sportfischerpr\u00fcfung&#8220;\"<\/span><\/a><\/p>\n","protected":false},"author":1,"featured_media":0,"parent":0,"menu_order":0,"comment_status":"closed","ping_status":"closed","template":"","meta":{"jetpack_post_was_ever_published":false,"footnotes":""},"class_list":["post-722","page","type-page","status-publish","h-entry","hentry","h-as-page"],"jetpack_sharing_enabled":true,"jetpack_shortlink":"https:\/\/wp.me\/P8Yuus-bE","_links":{"self":[{"href":"https:\/\/angelverein-verl-suerenheide.de\/index.php?rest_route=\/wp\/v2\/pages\/722","targetHints":{"allow":["GET"]}}],"collection":[{"href":"https:\/\/angelverein-verl-suerenheide.de\/index.php?rest_route=\/wp\/v2\/pages"}],"about":[{"href":"https:\/\/angelverein-verl-suerenheide.de\/index.php?rest_route=\/wp\/v2\/types\/page"}],"author":[{"embeddable":true,"href":"https:\/\/angelverein-verl-suerenheide.de\/index.php?rest_route=\/wp\/v2\/users\/1"}],"replies":[{"embeddable":true,"href":"https:\/\/angelverein-verl-suerenheide.de\/index.php?rest_route=%2Fwp%2Fv2%2Fcomments&post=722"}],"version-history":[{"count":19,"href":"https:\/\/angelverein-verl-suerenheide.de\/index.php?rest_route=\/wp\/v2\/pages\/722\/revisions"}],"predecessor-version":[{"id":1702,"href":"https:\/\/angelverein-verl-suerenheide.de\/index.php?rest_route=\/wp\/v2\/pages\/722\/revisions\/1702"}],"wp:attachment":[{"href":"https:\/\/angelverein-verl-suerenheide.de\/index.php?rest_route=%2Fwp%2Fv2%2Fmedia&parent=722"}],"curies":[{"name":"wp","href":"https:\/\/api.w.org\/{rel}","templated":true}]}}